{"id":3363,"date":"2021-03-15T08:32:06","date_gmt":"2021-03-15T07:32:06","guid":{"rendered":"https:\/\/conservatoriodanza.acceseo.dev\/politica-de-privacitat\/"},"modified":"2021-03-16T09:57:06","modified_gmt":"2021-03-16T08:57:06","slug":"politica-de-privacitat","status":"publish","type":"page","link":"https:\/\/www.conservatoridansaalcoi.com\/va\/politica-de-privacitat\/","title":{"rendered":"Pol\u00edtica de privacitat"},"content":{"rendered":"\t\t<div data-elementor-type=\"wp-page\" data-elementor-id=\"3363\" class=\"elementor elementor-3363 elementor-3329\" data-elementor-post-type=\"page\">\n\t\t\t\t\t\t<section class=\"elementor-section elementor-top-section elementor-element elementor-element-17ddb55 elementor-section-boxed elementor-section-height-default elementor-section-height-default\" data-id=\"17ddb55\" data-element_type=\"section\" data-e-type=\"section\">\n\t\t\t\t\t\t<div class=\"elementor-container elementor-column-gap-default\">\n\t\t\t\t\t<div class=\"elementor-column elementor-col-100 elementor-top-column elementor-element elementor-element-3477abd\" data-id=\"3477abd\" data-element_type=\"column\" data-e-type=\"column\">\n\t\t\t<div class=\"elementor-widget-wrap elementor-element-populated\">\n\t\t\t\t\t\t<div class=\"elementor-element elementor-element-7f3572b elementor-widget elementor-widget-text-editor\" data-id=\"7f3572b\" data-element_type=\"widget\" data-e-type=\"widget\" data-widget_type=\"text-editor.default\">\n\t\t\t\t<div class=\"elementor-widget-container\">\n\t\t\t\t\t\t\t\t\t<h1>POL\u00cdTICA DE PRIVACITAT I PROTECCI\u00d3 DE DADES (L.O.P.D.)<\/h1>\n<p>Conservatori de Dansa posa en coneixement dels usuaris d&#8217;aquest lloc web, que podr\u00e0 crear un arxiu automatitzat amb les dades personals que siguen posats en coneixement del referit titular, a conseq\u00fc\u00e8ncia de la utilitzaci\u00f3 de la present Web i a causa d&#8217;enviaments de correus electr\u00f2nics, o b\u00e9 sobre aquells recaptats a trav\u00e9s del nostre formulari de contacte, en estricte compliment amb el preceptuat per la legislaci\u00f3 en mat\u00e8ria de protecci\u00f3 de dades.<\/p>\n<p>En compliment del que es disposa en la Llei org\u00e0nica 15\/1999, de 13 de desembre, de Protecci\u00f3 de Dades de Car\u00e0cter Personal, els usuaris podran exercitar, en qualsevol moment, els drets d&#8217;acc\u00e9s, rectificaci\u00f3, oposici\u00f3 i cancel\u00b7laci\u00f3 de les seues dades, que hagueren sigut recopilats i arxivats. L&#8217;exercici d&#8217;aquests drets haur\u00e0 d&#8217;efectuar-se mitjan\u00e7ant comunicaci\u00f3 escrita dirigida a la seu social de Conservatori de Dansa o a l&#8217;adre\u00e7a de correu electr\u00f2nic carminadomenechv@gmail.com, indicant, en qualsevol dels casos, com a refer\u00e8ncia &#8220;Dades Personals&#8221; i el referit dret que pretenguen accionar, adjuntant c\u00f2pia del seu Document Nacional d&#8217;Identitat.<\/p>\n<p>Les dades registrades podrien ser utilitzats amb la finalitat prestar-li i\/o oferir-li els nostres serveis, d&#8217;efectuar estad\u00edstiques, la remissi\u00f3 de publicitat &#8211; fins i tot per mitjans electr\u00f2nics -, la gesti\u00f3 d&#8217;incid\u00e8ncies o la realitzaci\u00f3 d&#8217;estudis de mercat, entre altres activitats.<\/p>\n<p>En el seu cas, les dades de car\u00e0cter personal facilitats pels usuaris podran ser comunicats a un tercer nom\u00e9s per al compliment dels fins assenyalats anteriorment i previ consentiment dels interessats, que s&#8217;entendr\u00e0 atorgat si res manifesten al contrari en el termini de quinze dies des que facilitaren les seues dades. En qualsevol cas, l&#8217;assenyalat consentiment podr\u00e0 ser revocable en qualsevol moment mitjan\u00e7ant comunicaci\u00f3 escrita dirigida a la seu social del titular, indicant com a refer\u00e8ncia &#8220;Baixa Dades Personals&#8221;.<\/p>\n\t\t\t\t\t\t\t\t<\/div>\n\t\t\t\t<\/div>\n\t\t\t\t\t<\/div>\n\t\t<\/div>\n\t\t\t\t\t<\/div>\n\t\t<\/section>\n\t\t\t\t<\/div>\n\t\t","protected":false},"excerpt":{"rendered":"<p>POL\u00cdTICA DE PRIVACITAT I PROTECCI\u00d3 DE DADES (L.O.P.D.) Conservatori de Dansa posa en coneixement dels usuaris d&#8217;aquest lloc web, que podr\u00e0 crear un arxiu automatitzat amb les dades personals que siguen posats en coneixement del referit titular, a conseq\u00fc\u00e8ncia de la utilitzaci\u00f3 de la present Web i a causa d&#8217;enviaments de correus electr\u00f2nics, o b\u00e9 [&hellip;]<\/p>\n","protected":false},"author":1,"featured_media":0,"parent":0,"menu_order":0,"comment_status":"closed","ping_status":"closed","template":"elementor_header_footer","meta":{"_acf_changed":false,"footnotes":""},"class_list":["post-3363","page","type-page","status-publish","hentry"],"acf":[],"yoast_head":"<!-- This site is optimized with the Yoast SEO plugin v27.3 - https:\/\/yoast.com\/product\/yoast-seo-wordpress\/ -->\n<title>Pol\u00edtica de privacitat - Conservatorio de Danza<\/title>\n<meta name=\"robots\" content=\"index, follow, max-snippet:-1, max-image-preview:large, max-video-preview:-1\" \/>\n<link rel=\"canonical\" href=\"https:\/\/www.conservatoridansaalcoi.com\/va\/politica-de-privacitat\/\" \/>\n<meta property=\"og:locale\" content=\"es_ES\" \/>\n<meta property=\"og:type\" content=\"article\" \/>\n<meta property=\"og:title\" content=\"Pol\u00edtica de privacitat - Conservatorio de Danza\" \/>\n<meta property=\"og:description\" content=\"POL\u00cdTICA DE PRIVACITAT I PROTECCI\u00d3 DE DADES (L.O.P.D.) Conservatori de Dansa posa en coneixement dels usuaris d&#8217;aquest lloc web, que podr\u00e0 crear un arxiu automatitzat amb les dades personals que siguen posats en coneixement del referit titular, a conseq\u00fc\u00e8ncia de la utilitzaci\u00f3 de la present Web i a causa d&#8217;enviaments de correus electr\u00f2nics, o b\u00e9 [&hellip;]\" \/>\n<meta property=\"og:url\" content=\"https:\/\/www.conservatoridansaalcoi.com\/va\/politica-de-privacitat\/\" \/>\n<meta property=\"og:site_name\" content=\"Conservatorio de Danza\" \/>\n<meta property=\"article:modified_time\" content=\"2021-03-16T08:57:06+00:00\" \/>\n<meta name=\"twitter:card\" content=\"summary_large_image\" \/>\n<meta name=\"twitter:label1\" content=\"Est. reading time\" \/>\n\t<meta name=\"twitter:data1\" content=\"2 minutes\" \/>\n<script type=\"application\/ld+json\" class=\"yoast-schema-graph\">{\"@context\":\"https:\\\/\\\/schema.org\",\"@graph\":[{\"@type\":\"WebPage\",\"@id\":\"https:\\\/\\\/www.conservatoridansaalcoi.com\\\/va\\\/politica-de-privacitat\\\/\",\"url\":\"https:\\\/\\\/www.conservatoridansaalcoi.com\\\/va\\\/politica-de-privacitat\\\/\",\"name\":\"Pol\u00edtica de privacitat - Conservatorio de Danza\",\"isPartOf\":{\"@id\":\"https:\\\/\\\/www.conservatoridansaalcoi.com\\\/va\\\/#website\"},\"datePublished\":\"2021-03-15T07:32:06+00:00\",\"dateModified\":\"2021-03-16T08:57:06+00:00\",\"breadcrumb\":{\"@id\":\"https:\\\/\\\/www.conservatoridansaalcoi.com\\\/va\\\/politica-de-privacitat\\\/#breadcrumb\"},\"inLanguage\":\"es-VA\",\"potentialAction\":[{\"@type\":\"ReadAction\",\"target\":[\"https:\\\/\\\/www.conservatoridansaalcoi.com\\\/va\\\/politica-de-privacitat\\\/\"]}]},{\"@type\":\"BreadcrumbList\",\"@id\":\"https:\\\/\\\/www.conservatoridansaalcoi.com\\\/va\\\/politica-de-privacitat\\\/#breadcrumb\",\"itemListElement\":[{\"@type\":\"ListItem\",\"position\":1,\"name\":\"Home\",\"item\":\"https:\\\/\\\/www.conservatoridansaalcoi.com\\\/va\\\/\"},{\"@type\":\"ListItem\",\"position\":2,\"name\":\"Pol\u00edtica de privacitat\"}]},{\"@type\":\"WebSite\",\"@id\":\"https:\\\/\\\/www.conservatoridansaalcoi.com\\\/va\\\/#website\",\"url\":\"https:\\\/\\\/www.conservatoridansaalcoi.com\\\/va\\\/\",\"name\":\"Conservatorio de Danza\",\"description\":\"La danza es el \u00fanico arte en el que nosotros mismos somos el material del que el arte est\u00e1 hecho.\",\"publisher\":{\"@id\":\"https:\\\/\\\/www.conservatoridansaalcoi.com\\\/va\\\/#organization\"},\"potentialAction\":[{\"@type\":\"SearchAction\",\"target\":{\"@type\":\"EntryPoint\",\"urlTemplate\":\"https:\\\/\\\/www.conservatoridansaalcoi.com\\\/va\\\/?s={search_term_string}\"},\"query-input\":{\"@type\":\"PropertyValueSpecification\",\"valueRequired\":true,\"valueName\":\"search_term_string\"}}],\"inLanguage\":\"es-VA\"},{\"@type\":\"Organization\",\"@id\":\"https:\\\/\\\/www.conservatoridansaalcoi.com\\\/va\\\/#organization\",\"name\":\"Conservatorio de Danza\",\"url\":\"https:\\\/\\\/www.conservatoridansaalcoi.com\\\/va\\\/\",\"logo\":{\"@type\":\"ImageObject\",\"inLanguage\":\"es-VA\",\"@id\":\"https:\\\/\\\/www.conservatoridansaalcoi.com\\\/va\\\/#\\\/schema\\\/logo\\\/image\\\/\",\"url\":\"https:\\\/\\\/www.conservatoridansaalcoi.com\\\/wp-content\\\/uploads\\\/2020\\\/08\\\/logo-conservatorio-danza-h.svg\",\"contentUrl\":\"https:\\\/\\\/www.conservatoridansaalcoi.com\\\/wp-content\\\/uploads\\\/2020\\\/08\\\/logo-conservatorio-danza-h.svg\",\"width\":1,\"height\":1,\"caption\":\"Conservatorio de Danza\"},\"image\":{\"@id\":\"https:\\\/\\\/www.conservatoridansaalcoi.com\\\/va\\\/#\\\/schema\\\/logo\\\/image\\\/\"}}]}<\/script>\n<!-- \/ Yoast SEO plugin. -->","yoast_head_json":{"title":"Pol\u00edtica de privacitat - Conservatorio de Danza","robots":{"index":"index","follow":"follow","max-snippet":"max-snippet:-1","max-image-preview":"max-image-preview:large","max-video-preview":"max-video-preview:-1"},"canonical":"https:\/\/www.conservatoridansaalcoi.com\/va\/politica-de-privacitat\/","og_locale":"es_ES","og_type":"article","og_title":"Pol\u00edtica de privacitat - Conservatorio de Danza","og_description":"POL\u00cdTICA DE PRIVACITAT I PROTECCI\u00d3 DE DADES (L.O.P.D.) Conservatori de Dansa posa en coneixement dels usuaris d&#8217;aquest lloc web, que podr\u00e0 crear un arxiu automatitzat amb les dades personals que siguen posats en coneixement del referit titular, a conseq\u00fc\u00e8ncia de la utilitzaci\u00f3 de la present Web i a causa d&#8217;enviaments de correus electr\u00f2nics, o b\u00e9 [&hellip;]","og_url":"https:\/\/www.conservatoridansaalcoi.com\/va\/politica-de-privacitat\/","og_site_name":"Conservatorio de Danza","article_modified_time":"2021-03-16T08:57:06+00:00","twitter_card":"summary_large_image","twitter_misc":{"Est. reading time":"2 minutes"},"schema":{"@context":"https:\/\/schema.org","@graph":[{"@type":"WebPage","@id":"https:\/\/www.conservatoridansaalcoi.com\/va\/politica-de-privacitat\/","url":"https:\/\/www.conservatoridansaalcoi.com\/va\/politica-de-privacitat\/","name":"Pol\u00edtica de privacitat - Conservatorio de Danza","isPartOf":{"@id":"https:\/\/www.conservatoridansaalcoi.com\/va\/#website"},"datePublished":"2021-03-15T07:32:06+00:00","dateModified":"2021-03-16T08:57:06+00:00","breadcrumb":{"@id":"https:\/\/www.conservatoridansaalcoi.com\/va\/politica-de-privacitat\/#breadcrumb"},"inLanguage":"es-VA","potentialAction":[{"@type":"ReadAction","target":["https:\/\/www.conservatoridansaalcoi.com\/va\/politica-de-privacitat\/"]}]},{"@type":"BreadcrumbList","@id":"https:\/\/www.conservatoridansaalcoi.com\/va\/politica-de-privacitat\/#breadcrumb","itemListElement":[{"@type":"ListItem","position":1,"name":"Home","item":"https:\/\/www.conservatoridansaalcoi.com\/va\/"},{"@type":"ListItem","position":2,"name":"Pol\u00edtica de privacitat"}]},{"@type":"WebSite","@id":"https:\/\/www.conservatoridansaalcoi.com\/va\/#website","url":"https:\/\/www.conservatoridansaalcoi.com\/va\/","name":"Conservatorio de Danza","description":"La danza es el \u00fanico arte en el que nosotros mismos somos el material del que el arte est\u00e1 hecho.","publisher":{"@id":"https:\/\/www.conservatoridansaalcoi.com\/va\/#organization"},"potentialAction":[{"@type":"SearchAction","target":{"@type":"EntryPoint","urlTemplate":"https:\/\/www.conservatoridansaalcoi.com\/va\/?s={search_term_string}"},"query-input":{"@type":"PropertyValueSpecification","valueRequired":true,"valueName":"search_term_string"}}],"inLanguage":"es-VA"},{"@type":"Organization","@id":"https:\/\/www.conservatoridansaalcoi.com\/va\/#organization","name":"Conservatorio de Danza","url":"https:\/\/www.conservatoridansaalcoi.com\/va\/","logo":{"@type":"ImageObject","inLanguage":"es-VA","@id":"https:\/\/www.conservatoridansaalcoi.com\/va\/#\/schema\/logo\/image\/","url":"https:\/\/www.conservatoridansaalcoi.com\/wp-content\/uploads\/2020\/08\/logo-conservatorio-danza-h.svg","contentUrl":"https:\/\/www.conservatoridansaalcoi.com\/wp-content\/uploads\/2020\/08\/logo-conservatorio-danza-h.svg","width":1,"height":1,"caption":"Conservatorio de Danza"},"image":{"@id":"https:\/\/www.conservatoridansaalcoi.com\/va\/#\/schema\/logo\/image\/"}}]}},"_links":{"self":[{"href":"https:\/\/www.conservatoridansaalcoi.com\/va\/wp-json\/wp\/v2\/pages\/3363","targetHints":{"allow":["GET"]}}],"collection":[{"href":"https:\/\/www.conservatoridansaalcoi.com\/va\/wp-json\/wp\/v2\/pages"}],"about":[{"href":"https:\/\/www.conservatoridansaalcoi.com\/va\/wp-json\/wp\/v2\/types\/page"}],"author":[{"embeddable":true,"href":"https:\/\/www.conservatoridansaalcoi.com\/va\/wp-json\/wp\/v2\/users\/1"}],"replies":[{"embeddable":true,"href":"https:\/\/www.conservatoridansaalcoi.com\/va\/wp-json\/wp\/v2\/comments?post=3363"}],"version-history":[{"count":3,"href":"https:\/\/www.conservatoridansaalcoi.com\/va\/wp-json\/wp\/v2\/pages\/3363\/revisions"}],"predecessor-version":[{"id":3569,"href":"https:\/\/www.conservatoridansaalcoi.com\/va\/wp-json\/wp\/v2\/pages\/3363\/revisions\/3569"}],"wp:attachment":[{"href":"https:\/\/www.conservatoridansaalcoi.com\/va\/wp-json\/wp\/v2\/media?parent=3363"}],"curies":[{"name":"wp","href":"https:\/\/api.w.org\/{rel}","templated":true}]}}