{"id":2539,"date":"2021-02-05T11:06:14","date_gmt":"2021-02-05T10:06:14","guid":{"rendered":"https:\/\/conservatoriodanza.acceseo.dev\/aviso-legal-y-politica-de-privacidad\/"},"modified":"2021-04-01T10:26:32","modified_gmt":"2021-04-01T08:26:32","slug":"aviso-legal-y-politica-de-privacidad","status":"publish","type":"page","link":"https:\/\/www.conservatoridansaalcoi.com\/va\/aviso-legal-y-politica-de-privacidad\/","title":{"rendered":"Av\u00eds legal"},"content":{"rendered":"<h1>AV\u00cdS LEGAL<\/h1>\n<p><strong>DADES DE L&#8217;EMPRESA<\/strong><br \/>\nEn compliment de l&#8217;article 10 de la Llei 34\/2002, d&#8217;11 de juliol, de Serveis de la Societat de la Informaci\u00f3 i Comer\u00e7 Electr\u00f2nic, a continuaci\u00f3 s&#8217;exposen les dades identificatives de l&#8217;empresa.<\/p>\n<p><strong>Nom Jur\u00eddic:<\/strong> Conservatori de Dansa<\/p>\n<p><strong>Denominaci\u00f3 social:<\/strong> Conservatori de Dansa<\/p>\n<p><strong>N\u00famero d&#8217;identificaci\u00f3 fiscal:<\/strong> 21660124N<\/p>\n<p><strong>Domicili social:<\/strong> Carrer Joan Cant\u00f3, 2<\/p>\n<p><strong>Correu electr\u00f2nic:<\/strong> carminadomenechv@gmail.com<\/p>\n<p><strong>Tel\u00e8fon:<\/strong> 669700099<\/p>\n<p>El lloc web conservatoridansaalcoi.com (d&#8217;ara en avant, el \u201cLloc web\u201d) \u00e9s propietat de Conservatori de Dansa amb nom comercial Conservatori de Dansa.<br \/>\nL&#8217;acc\u00e9s al lloc web conservatoridansaalcoi.com de Conservatori de Dansa implica l&#8217;acceptaci\u00f3 de totes les condicions seg\u00fcents:<\/p>\n<h2>PROPIETAT INDUSTRIAL<\/h2>\n<p>El logotip i la denominaci\u00f3 \u201cConservatori de Dansa\u201d, aix\u00ed com altres signes distintius (gr\u00e0fics o denominatius), que apareixen en aquesta Web s\u00f3n propietat exclusiva de Conservatori de Dansa, de tal forma que \u00e9s aquesta entitat l&#8217;\u00fanica autoritzada a utilitzar-los.<br \/>\nEls continguts d&#8217;aquest lloc web, textos, imatges, etc. aix\u00ed com el seu disseny gr\u00e0fic i el seu codi font estan protegits per la legislaci\u00f3 espanyola sobre els drets de propietat intel\u00b7lectual i industrial a favor de Conservatori de Dansa.<br \/>\nQuedant per tant totalment prohibida la seua reproducci\u00f3, distribuci\u00f3 o comunicaci\u00f3 p\u00fablica, total o parcial, sense l&#8217;autoritzaci\u00f3 expressa de Conservatori de Dansa.<\/p>\n<h2>NOM DE DOMINI<\/h2>\n<p>D&#8217;igual forma al ressenyat en els par\u00e0grafs anteriors, els noms de domini \u201cconservatoridansaalcoi.com\u201c i tots aquells que servisquen per a accedir al present lloc s\u00f3n de titularitat exclusiva de Conservatori de Dansa. L&#8217;\u00fas indegut dels mateixos suposaria una infracci\u00f3 dels drets adquirits pel seu registre i ser\u00e0 perseguit pels mitjans previstos en la Llei.<\/p>\n<h2>\u00daS PERSONAL<\/h2>\n<p>L&#8217;usuari queda expressament autoritzat per Conservatori de Dansa a visualitzar, imprimir, copiar o emmagatzemar en el seu disc dur o qualsevol altre suport f\u00edsic, els continguts i actius emparats o no per un dret d&#8217;exclusiva (a excepci\u00f3 dels programes d&#8217;ordinador), sempre que aquesta actuaci\u00f3 s&#8217;efectue per a l&#8217;\u00fas personal i privat de l&#8217;usuari, sense finalitat comercial o de distribuci\u00f3 i sense modificar, alterar o descompilar els avantdits drets i continguts. Aquesta llic\u00e8ncia d&#8217;\u00fas personal s&#8217;ent\u00e9n efectuada sempre que es respecten intactes els advertiments als drets d&#8217;autor i de propietat industrial que es realitzen, sense que aix\u00f2 signifique la concessi\u00f3 de cap llic\u00e8ncia a l&#8217;usuari.<br \/>\nQualsevol altre \u00fas dels continguts o creacions intel\u00b7lectuals d&#8217;aquest lloc requerir\u00e0 l&#8217;autoritzaci\u00f3 expressa i per escrit de Conservatori de Dansa.<\/p>\n<h2>RESERVA D&#8217;ACCIONS LEGALS<\/h2>\n<p>Conservatori de Dansa es reserva en tot moment l&#8217;exercici de quants mitjans o accions legals li corresponguen en defensa dels seus leg\u00edtims drets de propietat intel\u00b7lectual i industrial enfront d&#8217;un \u00fas no autoritzat dels mateixos o a qualsevol actuaci\u00f3 que poguera perjudicar-los.<\/p>\n<h2>ENLLA\u00c7OS<\/h2>\n<p>Els enlla\u00e7os amb els quals l&#8217;usuari puga trobar-se durant la navegaci\u00f3 en aquest lloc web li permeten abandonar aquest lloc.<br \/>\nEls llocs enlla\u00e7ats no estan relacionats, excepte indicaci\u00f3 en cas contrari, amb Conservatori de Dansa, qui no es fa responsable dels continguts als quals s&#8217;accedisca en virtut dels esmentats enlla\u00e7os, ni de les modificacions que es duguen a terme en aquests, ni de l&#8217;\u00fas que d&#8217;aquells es realitze, ni de la disponibilitat t\u00e8cnica d&#8217;aquests.<br \/>\nEn qualsevol cas, Conservatori de Dansa es compromet a fer tot el possible per a evitar l&#8217;exist\u00e8ncia en el seu lloc web d&#8217;enlla\u00e7os a p\u00e0gines de contingut il\u00b7legal, que promoguen activitats il\u00b7l\u00edcites, racistes, xen\u00f2fobes i, en general, susceptibles d&#8217;atemptar contra els principis de llibertat i de dignitat humana o vulneren els valors i drets reconeguts per la Constituci\u00f3 Espanyola i per la Declaraci\u00f3 Universal dels Drets Humans.<br \/>\nEn el cas que algun usuari estimara que algun enlla\u00e7 incl\u00f2s el Lloc web menyscaba en qualsevol forma els seus drets o si li suposa el m\u00e9s m\u00ednim perjudici, tan sols ha de comunicar-ho mitjan\u00e7ant l&#8217;enviament d&#8217;un correu electr\u00f2nic a Conservatori de Dansa , tenint la confian\u00e7a que es prendran les mesures oportunes sobre aquest tema.<\/p>\n<h2>CONTINGUT DE LA WEB<\/h2>\n<p>Conservatori de Dansa no es responsabilitza del mal \u00fas que es realitze dels continguts de la nostra p\u00e0gina web, sent exclusiva responsabilitat de la persona que accedeix a ells o els utilitza.<\/p>\n<h2>ACTUALITZACI\u00d3 I MODIFICACI\u00d3 DE LA P\u00c0GINA WEB<\/h2>\n<p>Conservatori de Dansa es reserva el dret a modificar o eliminar, sense previ av\u00eds, tant la informaci\u00f3 continguda en el seu lloc web, aix\u00ed com la seua configuraci\u00f3 i presentaci\u00f3, sense assumir cap responsabilitat per aix\u00f2.<\/p>\n<h2>INDICACIONS SOBRE ASPECTES T\u00c8CNICS<\/h2>\n<p>Conservatori de Dansa no assumeix cap responsabilitat que es puga derivar de problemes t\u00e8cnics o fallades en els equips inform\u00e0tics que es produ\u00efsquen durant la connexi\u00f3 a la xarxa d&#8217;Internet, aix\u00ed com de danys que pogueren ser causats per terceres persones mitjan\u00e7ant intromissions il\u00b7leg\u00edtimes fora del control de Conservatori de Dansa.<br \/>\nTamb\u00e9 quedem exonerats de tota responsabilitat davant possibles danys o perjudicis que puga patir l&#8217;usuari a conseq\u00fc\u00e8ncia d&#8217;errors, defectes o omissions en la informaci\u00f3 que facilitem quan siga procedent de fonts alienes a nosaltres.<\/p>\n<h2>CONDICIONS D&#8217;ACC\u00c9S<\/h2>\n<p>En general, l&#8217;acc\u00e9s als continguts facilitats per &#8220;Conservatori de Dansa&#8221; ser\u00e0 de car\u00e0cter lliure i gratu\u00eft, i no s&#8217;exigir\u00e0 als usuaris que faciliten dades personals, ni se subscriguen, ni facen \u00fas de claus o contrasenyes, a excepci\u00f3 de l&#8217;acc\u00e9s restringit a la secci\u00f3 de clients de &#8220;Conservatori de Dansa&#8221;.<br \/>\nQuan per a la contractaci\u00f3 o sol\u00b7licitud d&#8217;informaci\u00f3 d&#8217;un determinat servei siga necessari facilitar dades de car\u00e0cter personal, els usuaris garantiran la seua veracitat, exactitud, autenticitat i vig\u00e8ncia. &#8220;Conservatori de Dansa&#8221; es compromet a donar a aquestes dades el tractament automatitzat que corresponga en funci\u00f3 de la naturalesa i finalitat d&#8217;aquests, en les condicions i termes que queden reflectides en la Pol\u00edtica de Privacitat.<br \/>\nPer a aquells casos en els quals es fa necessari l&#8217;\u00fas de claus d&#8217;acc\u00e9s (nom d&#8217;usuari i contrasenya), l&#8217;usuari es compromet a usar-les d&#8217;acord amb les seg\u00fcents restriccions:<br \/>\nLes claus, triades per l&#8217;usuari, no hauran de ser contr\u00e0ries a la moral i els bons costums generalment acceptades, ni de qualsevol manera infringir els drets de propietat industrial i intel\u00b7lectual i a l&#8217;honor i a la pr\u00f2pia imatge de tercers.<br \/>\nLes claus d&#8217;acc\u00e9s s\u00f3n per a \u00fas personal i exclusiu de l&#8217;usuari titular d&#8217;aquestes, i la seua cust\u00f2dia i correcta utilitzaci\u00f3 s\u00f3n responsabilitat d&#8217;aquest. &#8220;Conservatori de Dansa&#8221; no es fa responsable per cap perjudici en qu\u00e8 l&#8217;usuari o tercers puguen inc\u00f3rrer a conseq\u00fc\u00e8ncia que altres persones facen \u00fas de les seues claus, amb o sense consentiment o coneixement de l&#8217;usuari.<br \/>\nNo obstant aix\u00f2, &#8220;Conservatori de Dansa&#8221; es compromet a complir amb el deure de secret respecte a les claus registrades i utilitzades pels usuaris.<\/p>\n<h2>CONDICIONS D&#8217;\u00daS<\/h2>\n<p>L&#8217;\u00fas del lloc web de &#8220;Conservatori de Dansa&#8221; haur\u00e0 d&#8217;obeir al contingut d&#8217;aquestes Condicions Generals, a qualssevol disposicions legals aplicables i a les exig\u00e8ncies de la moral i els bons costums generalment acceptades, aix\u00ed com a les d&#8217;ordre p\u00fablic.<br \/>\nExcepte pr\u00e8via i expressa autoritzaci\u00f3 de &#8220;Conservatori de Dansa&#8221;, els usuaris \u00fanicament podran fer \u00fas dels continguts i serveis oferits en aquest lloc web a manera personal, abstenint-se de realitzar qualsevol acte que, directament o indirectament, supose una explotaci\u00f3 comercial d&#8217;aquests.<br \/>\nEn tot cas, els usuaris utilitzaran els continguts i serveis facilitats per &#8220;Conservatori de Dansa&#8221; de conformitat amb la legalitat vigent, i assumiran les responsabilitats que els corresponguen per les conductes o activitats que, en qualsevol forma, puguen resultar il\u00b7l\u00edcites o lesives per a drets de tercers o que puguen perjudicar, impedir o limitar l&#8217;\u00fas d&#8217;aquest lloc web a altres usuaris.<br \/>\nEls usuaris es comprometen a no transmetre o difondre a trav\u00e9s de &#8220;Conservatori de Dansa&#8221; missatges, imatges, fotografies, programari, dades o continguts que:<\/p>\n<ul>\n<li>de qualsevol forma contravinguen o atempten contra drets fonamentals reconeguts per l&#8217;ordenament jur\u00eddic.<\/li>\n<li>indu\u00efsquen, inciten o promoguen actuacions delictives, denigrat\u00f2ries, difamat\u00f2ries, infamants, violentes, discriminat\u00f2ries per ra\u00f3 de sexe, ra\u00e7a, religi\u00f3 o ideologia, o, en general, siguen contr\u00e0ries a la llei, a la moral o a l&#8217;ordre p\u00fablic.<\/li>\n<li>siguen falsos, ambigus, inexactes, exagerats, obscens o extemporanis.<\/li>\n<li>es troben protegits per qualssevol drets de propietat intel\u00b7lectual o industrial pertanyents a tercers, excepte pr\u00e8via i suficient autoritzaci\u00f3 del seu leg\u00edtim titular.<\/li>\n<li>lesionen o puguen lesionar el dret a l&#8217;honor, a la intimitat personal, a la pr\u00f2pia imatge de terceres persones o infringisquen la normativa sobre el secret o confidencialitat de les comunicacions.<\/li>\n<li>constitu\u00efsquen publicitat il\u00b7l\u00edcita, enganyosa o deslleial.<\/li>\n<li>continguen virus, cavalls de Troia, cucs, bombes de temps o qualsevol altre material o programa que puga danyar o alterar el funcionament d&#8217;equips o sistemes inform\u00e0tics.<\/li>\n<\/ul>\n<p>&#8220;Conservatori de Dansa&#8221; es reserva el dret unilateral, en qualsevol moment i sense previ av\u00eds o justificaci\u00f3, de denegar l&#8217;acc\u00e9s al seu lloc web a aquells usuaris que incomplisquen aquestes Condicions Generals d&#8217;\u00das.<\/p>\n","protected":false},"excerpt":{"rendered":"<p>AV\u00cdS LEGAL DADES DE L&#8217;EMPRESA En compliment de l&#8217;article 10 de la Llei 34\/2002, d&#8217;11 de juliol, de Serveis de la Societat de la Informaci\u00f3 i Comer\u00e7 Electr\u00f2nic, a continuaci\u00f3 s&#8217;exposen les dades identificatives de l&#8217;empresa. Nom Jur\u00eddic: Conservatori de Dansa Denominaci\u00f3 social: Conservatori de Dansa N\u00famero d&#8217;identificaci\u00f3 fiscal: 21660124N Domicili social: Carrer Joan Cant\u00f3, [&hellip;]<\/p>\n","protected":false},"author":1,"featured_media":0,"parent":0,"menu_order":0,"comment_status":"closed","ping_status":"closed","template":"elementor_header_footer","meta":{"_acf_changed":false,"footnotes":""},"class_list":["post-2539","page","type-page","status-publish","hentry"],"acf":[],"yoast_head":"<!-- This site is optimized with the Yoast SEO plugin v27.3 - https:\/\/yoast.com\/product\/yoast-seo-wordpress\/ -->\n<title>Av\u00eds legal - Conservatorio de Danza<\/title>\n<meta name=\"robots\" content=\"index, follow, max-snippet:-1, max-image-preview:large, max-video-preview:-1\" \/>\n<link rel=\"canonical\" href=\"https:\/\/www.conservatoridansaalcoi.com\/va\/aviso-legal-y-politica-de-privacidad\/\" \/>\n<meta property=\"og:locale\" content=\"es_ES\" \/>\n<meta property=\"og:type\" content=\"article\" \/>\n<meta property=\"og:title\" content=\"Av\u00eds legal - Conservatorio de Danza\" \/>\n<meta property=\"og:description\" content=\"AV\u00cdS LEGAL DADES DE L&#8217;EMPRESA En compliment de l&#8217;article 10 de la Llei 34\/2002, d&#8217;11 de juliol, de Serveis de la Societat de la Informaci\u00f3 i Comer\u00e7 Electr\u00f2nic, a continuaci\u00f3 s&#8217;exposen les dades identificatives de l&#8217;empresa. Nom Jur\u00eddic: Conservatori de Dansa Denominaci\u00f3 social: Conservatori de Dansa N\u00famero d&#8217;identificaci\u00f3 fiscal: 21660124N Domicili social: Carrer Joan Cant\u00f3, [&hellip;]\" \/>\n<meta property=\"og:url\" content=\"https:\/\/www.conservatoridansaalcoi.com\/va\/aviso-legal-y-politica-de-privacidad\/\" \/>\n<meta property=\"og:site_name\" content=\"Conservatorio de Danza\" \/>\n<meta property=\"article:modified_time\" content=\"2021-04-01T08:26:32+00:00\" \/>\n<meta name=\"twitter:card\" content=\"summary_large_image\" \/>\n<meta name=\"twitter:label1\" content=\"Est. reading time\" \/>\n\t<meta name=\"twitter:data1\" content=\"8 minutes\" \/>\n<script type=\"application\/ld+json\" class=\"yoast-schema-graph\">{\"@context\":\"https:\\\/\\\/schema.org\",\"@graph\":[{\"@type\":\"WebPage\",\"@id\":\"https:\\\/\\\/www.conservatoridansaalcoi.com\\\/va\\\/aviso-legal-y-politica-de-privacidad\\\/\",\"url\":\"https:\\\/\\\/www.conservatoridansaalcoi.com\\\/va\\\/aviso-legal-y-politica-de-privacidad\\\/\",\"name\":\"Av\u00eds legal - Conservatorio de Danza\",\"isPartOf\":{\"@id\":\"https:\\\/\\\/www.conservatoridansaalcoi.com\\\/va\\\/#website\"},\"datePublished\":\"2021-02-05T10:06:14+00:00\",\"dateModified\":\"2021-04-01T08:26:32+00:00\",\"breadcrumb\":{\"@id\":\"https:\\\/\\\/www.conservatoridansaalcoi.com\\\/va\\\/aviso-legal-y-politica-de-privacidad\\\/#breadcrumb\"},\"inLanguage\":\"es-VA\",\"potentialAction\":[{\"@type\":\"ReadAction\",\"target\":[\"https:\\\/\\\/www.conservatoridansaalcoi.com\\\/va\\\/aviso-legal-y-politica-de-privacidad\\\/\"]}]},{\"@type\":\"BreadcrumbList\",\"@id\":\"https:\\\/\\\/www.conservatoridansaalcoi.com\\\/va\\\/aviso-legal-y-politica-de-privacidad\\\/#breadcrumb\",\"itemListElement\":[{\"@type\":\"ListItem\",\"position\":1,\"name\":\"Home\",\"item\":\"https:\\\/\\\/www.conservatoridansaalcoi.com\\\/va\\\/\"},{\"@type\":\"ListItem\",\"position\":2,\"name\":\"Av\u00eds legal\"}]},{\"@type\":\"WebSite\",\"@id\":\"https:\\\/\\\/www.conservatoridansaalcoi.com\\\/va\\\/#website\",\"url\":\"https:\\\/\\\/www.conservatoridansaalcoi.com\\\/va\\\/\",\"name\":\"Conservatorio de Danza\",\"description\":\"La danza es el \u00fanico arte en el que nosotros mismos somos el material del que el arte est\u00e1 hecho.\",\"publisher\":{\"@id\":\"https:\\\/\\\/www.conservatoridansaalcoi.com\\\/va\\\/#organization\"},\"potentialAction\":[{\"@type\":\"SearchAction\",\"target\":{\"@type\":\"EntryPoint\",\"urlTemplate\":\"https:\\\/\\\/www.conservatoridansaalcoi.com\\\/va\\\/?s={search_term_string}\"},\"query-input\":{\"@type\":\"PropertyValueSpecification\",\"valueRequired\":true,\"valueName\":\"search_term_string\"}}],\"inLanguage\":\"es-VA\"},{\"@type\":\"Organization\",\"@id\":\"https:\\\/\\\/www.conservatoridansaalcoi.com\\\/va\\\/#organization\",\"name\":\"Conservatorio de Danza\",\"url\":\"https:\\\/\\\/www.conservatoridansaalcoi.com\\\/va\\\/\",\"logo\":{\"@type\":\"ImageObject\",\"inLanguage\":\"es-VA\",\"@id\":\"https:\\\/\\\/www.conservatoridansaalcoi.com\\\/va\\\/#\\\/schema\\\/logo\\\/image\\\/\",\"url\":\"https:\\\/\\\/www.conservatoridansaalcoi.com\\\/wp-content\\\/uploads\\\/2020\\\/08\\\/logo-conservatorio-danza-h.svg\",\"contentUrl\":\"https:\\\/\\\/www.conservatoridansaalcoi.com\\\/wp-content\\\/uploads\\\/2020\\\/08\\\/logo-conservatorio-danza-h.svg\",\"width\":1,\"height\":1,\"caption\":\"Conservatorio de Danza\"},\"image\":{\"@id\":\"https:\\\/\\\/www.conservatoridansaalcoi.com\\\/va\\\/#\\\/schema\\\/logo\\\/image\\\/\"}}]}<\/script>\n<!-- \/ Yoast SEO plugin. -->","yoast_head_json":{"title":"Av\u00eds legal - Conservatorio de Danza","robots":{"index":"index","follow":"follow","max-snippet":"max-snippet:-1","max-image-preview":"max-image-preview:large","max-video-preview":"max-video-preview:-1"},"canonical":"https:\/\/www.conservatoridansaalcoi.com\/va\/aviso-legal-y-politica-de-privacidad\/","og_locale":"es_ES","og_type":"article","og_title":"Av\u00eds legal - Conservatorio de Danza","og_description":"AV\u00cdS LEGAL DADES DE L&#8217;EMPRESA En compliment de l&#8217;article 10 de la Llei 34\/2002, d&#8217;11 de juliol, de Serveis de la Societat de la Informaci\u00f3 i Comer\u00e7 Electr\u00f2nic, a continuaci\u00f3 s&#8217;exposen les dades identificatives de l&#8217;empresa. Nom Jur\u00eddic: Conservatori de Dansa Denominaci\u00f3 social: Conservatori de Dansa N\u00famero d&#8217;identificaci\u00f3 fiscal: 21660124N Domicili social: Carrer Joan Cant\u00f3, [&hellip;]","og_url":"https:\/\/www.conservatoridansaalcoi.com\/va\/aviso-legal-y-politica-de-privacidad\/","og_site_name":"Conservatorio de Danza","article_modified_time":"2021-04-01T08:26:32+00:00","twitter_card":"summary_large_image","twitter_misc":{"Est. reading time":"8 minutes"},"schema":{"@context":"https:\/\/schema.org","@graph":[{"@type":"WebPage","@id":"https:\/\/www.conservatoridansaalcoi.com\/va\/aviso-legal-y-politica-de-privacidad\/","url":"https:\/\/www.conservatoridansaalcoi.com\/va\/aviso-legal-y-politica-de-privacidad\/","name":"Av\u00eds legal - Conservatorio de Danza","isPartOf":{"@id":"https:\/\/www.conservatoridansaalcoi.com\/va\/#website"},"datePublished":"2021-02-05T10:06:14+00:00","dateModified":"2021-04-01T08:26:32+00:00","breadcrumb":{"@id":"https:\/\/www.conservatoridansaalcoi.com\/va\/aviso-legal-y-politica-de-privacidad\/#breadcrumb"},"inLanguage":"es-VA","potentialAction":[{"@type":"ReadAction","target":["https:\/\/www.conservatoridansaalcoi.com\/va\/aviso-legal-y-politica-de-privacidad\/"]}]},{"@type":"BreadcrumbList","@id":"https:\/\/www.conservatoridansaalcoi.com\/va\/aviso-legal-y-politica-de-privacidad\/#breadcrumb","itemListElement":[{"@type":"ListItem","position":1,"name":"Home","item":"https:\/\/www.conservatoridansaalcoi.com\/va\/"},{"@type":"ListItem","position":2,"name":"Av\u00eds legal"}]},{"@type":"WebSite","@id":"https:\/\/www.conservatoridansaalcoi.com\/va\/#website","url":"https:\/\/www.conservatoridansaalcoi.com\/va\/","name":"Conservatorio de Danza","description":"La danza es el \u00fanico arte en el que nosotros mismos somos el material del que el arte est\u00e1 hecho.","publisher":{"@id":"https:\/\/www.conservatoridansaalcoi.com\/va\/#organization"},"potentialAction":[{"@type":"SearchAction","target":{"@type":"EntryPoint","urlTemplate":"https:\/\/www.conservatoridansaalcoi.com\/va\/?s={search_term_string}"},"query-input":{"@type":"PropertyValueSpecification","valueRequired":true,"valueName":"search_term_string"}}],"inLanguage":"es-VA"},{"@type":"Organization","@id":"https:\/\/www.conservatoridansaalcoi.com\/va\/#organization","name":"Conservatorio de Danza","url":"https:\/\/www.conservatoridansaalcoi.com\/va\/","logo":{"@type":"ImageObject","inLanguage":"es-VA","@id":"https:\/\/www.conservatoridansaalcoi.com\/va\/#\/schema\/logo\/image\/","url":"https:\/\/www.conservatoridansaalcoi.com\/wp-content\/uploads\/2020\/08\/logo-conservatorio-danza-h.svg","contentUrl":"https:\/\/www.conservatoridansaalcoi.com\/wp-content\/uploads\/2020\/08\/logo-conservatorio-danza-h.svg","width":1,"height":1,"caption":"Conservatorio de Danza"},"image":{"@id":"https:\/\/www.conservatoridansaalcoi.com\/va\/#\/schema\/logo\/image\/"}}]}},"_links":{"self":[{"href":"https:\/\/www.conservatoridansaalcoi.com\/va\/wp-json\/wp\/v2\/pages\/2539","targetHints":{"allow":["GET"]}}],"collection":[{"href":"https:\/\/www.conservatoridansaalcoi.com\/va\/wp-json\/wp\/v2\/pages"}],"about":[{"href":"https:\/\/www.conservatoridansaalcoi.com\/va\/wp-json\/wp\/v2\/types\/page"}],"author":[{"embeddable":true,"href":"https:\/\/www.conservatoridansaalcoi.com\/va\/wp-json\/wp\/v2\/users\/1"}],"replies":[{"embeddable":true,"href":"https:\/\/www.conservatoridansaalcoi.com\/va\/wp-json\/wp\/v2\/comments?post=2539"}],"version-history":[{"count":4,"href":"https:\/\/www.conservatoridansaalcoi.com\/va\/wp-json\/wp\/v2\/pages\/2539\/revisions"}],"predecessor-version":[{"id":3570,"href":"https:\/\/www.conservatoridansaalcoi.com\/va\/wp-json\/wp\/v2\/pages\/2539\/revisions\/3570"}],"wp:attachment":[{"href":"https:\/\/www.conservatoridansaalcoi.com\/va\/wp-json\/wp\/v2\/media?parent=2539"}],"curies":[{"name":"wp","href":"https:\/\/api.w.org\/{rel}","templated":true}]}}