{"id":1507,"date":"2021-01-11T08:17:36","date_gmt":"2021-01-11T07:17:36","guid":{"rendered":"https:\/\/conservatoriodanza.acceseo.dev\/dansa-espanyola\/"},"modified":"2021-03-11T13:20:39","modified_gmt":"2021-03-11T12:20:39","slug":"dansa-espanyola","status":"publish","type":"page","link":"https:\/\/www.conservatoridansaalcoi.com\/va\/dansa-espanyola\/","title":{"rendered":"Dansa Espanyola"},"content":{"rendered":"\t\t<div data-elementor-type=\"wp-page\" data-elementor-id=\"1507\" class=\"elementor elementor-1507 elementor-1462\" data-elementor-post-type=\"page\">\n\t\t\t\t\t\t<section class=\"elementor-section elementor-top-section elementor-element elementor-element-1245e7c elementor-section-full_width elementor-section-height-default elementor-section-height-default\" data-id=\"1245e7c\" data-element_type=\"section\" data-e-type=\"section\">\n\t\t\t\t\t\t<div class=\"elementor-container elementor-column-gap-default\">\n\t\t\t\t\t<div class=\"elementor-column elementor-col-100 elementor-top-column elementor-element elementor-element-4f458ce5\" data-id=\"4f458ce5\" data-element_type=\"column\" data-e-type=\"column\">\n\t\t\t<div class=\"elementor-widget-wrap elementor-element-populated\">\n\t\t\t\t\t\t<div class=\"elementor-element elementor-element-1d56563e elementor-widget elementor-widget-image\" data-id=\"1d56563e\" data-element_type=\"widget\" data-e-type=\"widget\" data-widget_type=\"image.default\">\n\t\t\t\t<div class=\"elementor-widget-container\">\n\t\t\t\t\t\t\t\t\t\t\t\t\t\t\t<img fetchpriority=\"high\" decoding=\"async\" width=\"1920\" height=\"385\" src=\"https:\/\/www.conservatoridansaalcoi.com\/wp-content\/uploads\/2021\/01\/danza_espanola_1.jpg\" class=\"attachment-full size-full wp-image-1466\" alt=\"J\u00f3venes bailarines practicando danza espa\u00f1ola\" srcset=\"https:\/\/www.conservatoridansaalcoi.com\/wp-content\/uploads\/2021\/01\/danza_espanola_1.jpg 1920w, https:\/\/www.conservatoridansaalcoi.com\/wp-content\/uploads\/2021\/01\/danza_espanola_1-300x60.jpg 300w, https:\/\/www.conservatoridansaalcoi.com\/wp-content\/uploads\/2021\/01\/danza_espanola_1-1024x205.jpg 1024w, https:\/\/www.conservatoridansaalcoi.com\/wp-content\/uploads\/2021\/01\/danza_espanola_1-768x154.jpg 768w, https:\/\/www.conservatoridansaalcoi.com\/wp-content\/uploads\/2021\/01\/danza_espanola_1-1536x308.jpg 1536w\" sizes=\"(max-width: 1920px) 100vw, 1920px\" \/>\t\t\t\t\t\t\t\t\t\t\t\t\t\t\t<\/div>\n\t\t\t\t<\/div>\n\t\t\t\t\t<\/div>\n\t\t<\/div>\n\t\t\t\t\t<\/div>\n\t\t<\/section>\n\t\t\t\t<section class=\"elementor-section elementor-top-section elementor-element elementor-element-4f921610 elementor-section-boxed elementor-section-height-default elementor-section-height-default elementor-invisible\" data-id=\"4f921610\" data-element_type=\"section\" data-e-type=\"section\" data-settings=\"{&quot;animation&quot;:&quot;fadeInUp&quot;}\">\n\t\t\t\t\t\t<div class=\"elementor-container elementor-column-gap-default\">\n\t\t\t\t\t<div class=\"elementor-column elementor-col-100 elementor-top-column elementor-element elementor-element-602fe1a0\" data-id=\"602fe1a0\" data-element_type=\"column\" data-e-type=\"column\">\n\t\t\t<div class=\"elementor-widget-wrap elementor-element-populated\">\n\t\t\t\t\t\t<div class=\"elementor-element elementor-element-4fc1b09b elementor-widget elementor-widget-text-editor\" data-id=\"4fc1b09b\" data-element_type=\"widget\" data-e-type=\"widget\" data-widget_type=\"text-editor.default\">\n\t\t\t\t<div class=\"elementor-widget-container\">\n\t\t\t\t\t\t\t\t\t<p><span style=\"font-weight: 400;\">La Dansa Espanyola forma part dels nostres senyals d&#8217;identitat. Compr\u00e9n una s\u00e8rie d&#8217;estils o disciplines com s\u00f3n el flamenc, l&#8217;escola bolera, la dansa estilitzada o cl\u00e0ssic espanyol i el folklore, assignatures que s\u2019estudien totes al nostre Conservatori.\u00a0<\/span><\/p>\n<p><span style=\"font-weight: 400;\">A grans trets podem dir que:\u00a0<\/span><\/p>\n<p><b>El folklore<\/b><span style=\"font-weight: 400;\"> \u00e9s l\u2019expressi\u00f3 cultural d\u2019una regi\u00f3 o d\u2019una poblaci\u00f3. El componen m\u00fasiques, danses i vestuaris tradicionals de cadascun dels diferents llocs i \u00e8poques. L\u2019\u00fas, les festes i costums populars l\u2019han conservat i amb el temps s\u2019ha convertit en un dels nostres senyals d\u2019identitat. S\u2019estudia en primer i segon curs dels Ensenyaments Elementals.\u00a0<\/span><\/p>\n<p><b>El flamenc<\/b><span style=\"font-weight: 400;\">, fruit del mestissatge cultural \u00e0rab, cristi\u00e0, jueu i gitano, \u00e9s hui en dia un art reconegut com a Patrimoni Cultural Immaterial de la Humanitat, declarat per la UNESCO des de 2010. Un art originari d\u2019Andalusia. Al costat del ball, el sol acompanyar la guitarra i el <\/span><i><span style=\"font-weight: 400;\">cante<\/span><\/i><span style=\"font-weight: 400;\">, on es combinen moviments elegants i suaus amb intensos <\/span><i><span style=\"font-weight: 400;\">taconeos<\/span><\/i><span style=\"font-weight: 400;\">. La introducci\u00f3 o inici que es fa del flamenc en els cursos elementals es denomina \u201cT\u00e8cnica de Sabata\u201d i s&#8217;imparteix des de 2n curs.\u00a0<\/span><\/p>\n<p><b>L&#8217;Escola Bolera<\/b> <span style=\"font-weight: 400;\">sorgeix de l&#8217;afrancesament de les danses populars que en el segle XVIII hi havia a Espanya, <\/span><span style=\"font-weight: 400;\">coneguda com a \u201cGoyescas\u201d. S\u00f3n danses curtes que es ballen tradicionalment amb vestits de l\u2019\u00e8poca del pintor Goya, per aix\u00f2 el seu nom popular, <\/span><span style=\"font-weight: 400;\">l\u2019\u00fas de les castanyoles. Tot a\u00e7\u00f2 \u00e9s el que caracteritza principalment l\u2019Escola Bolera, aix\u00ed com la simpatia, la gr\u00e0cia i la coqueteria en l\u2019execuci\u00f3 de la majoria de les variacions.<\/span><span style=\"font-weight: 400;\"> Aquesta disciplina es comen\u00e7a a impartir des de 3r curs, una vegada que l\u2019alumne\/a ha adquirit la base t\u00e8cnica de la dansa cl\u00e0ssica.\u00a0<\/span><\/p>\n<p><b>La Dansa Estilitzada<\/b><span style=\"font-weight: 400;\">, o dansa culta, transcorre entre 1900 fins a l&#8217;actualitat, es nodreix del coneixement i car\u00e0cter de les tres formes b\u00e0siques del ball espanyol: l\u2019Escola Bolera, la Flamenca i els Balls Regionals, per\u00f2 executats des d\u2019una disciplina acad\u00e8mica i elevant-la a un llenguatge universal. Pot ser la m\u00e9s alta manifestaci\u00f3 art\u00edstica del ball espanyol. En els cursos d\u2019ampliaci\u00f3 d\u2019estudis, a m\u00e9s de continuar formant-se en totes les assignatures apreses en els cursos elementals, s\u2019estudia tamb\u00e9 la dansa estilitzada.\u00a0<\/span><\/p>\n\t\t\t\t\t\t\t\t<\/div>\n\t\t\t\t<\/div>\n\t\t\t\t\t<\/div>\n\t\t<\/div>\n\t\t\t\t\t<\/div>\n\t\t<\/section>\n\t\t\t\t<\/div>\n\t\t","protected":false},"excerpt":{"rendered":"<p>La Dansa Espanyola forma part dels nostres senyals d&#8217;identitat. Compr\u00e9n una s\u00e8rie d&#8217;estils o disciplines com s\u00f3n el flamenc, l&#8217;escola bolera, la dansa estilitzada o cl\u00e0ssic espanyol i el folklore, assignatures que s\u2019estudien totes al nostre Conservatori.\u00a0 A grans trets podem dir que:\u00a0 El folklore \u00e9s l\u2019expressi\u00f3 cultural d\u2019una regi\u00f3 o d\u2019una poblaci\u00f3. El componen [&hellip;]<\/p>\n","protected":false},"author":1,"featured_media":0,"parent":0,"menu_order":0,"comment_status":"closed","ping_status":"closed","template":"elementor_header_footer","meta":{"_acf_changed":false,"footnotes":""},"class_list":["post-1507","page","type-page","status-publish","hentry"],"acf":[],"yoast_head":"<!-- This site is optimized with the Yoast SEO plugin v27.3 - https:\/\/yoast.com\/product\/yoast-seo-wordpress\/ -->\n<title>Dansa Espanyola - Conservatorio de Danza<\/title>\n<meta name=\"robots\" content=\"index, follow, max-snippet:-1, max-image-preview:large, max-video-preview:-1\" \/>\n<link rel=\"canonical\" href=\"https:\/\/www.conservatoridansaalcoi.com\/va\/dansa-espanyola\/\" \/>\n<meta property=\"og:locale\" content=\"es_ES\" \/>\n<meta property=\"og:type\" content=\"article\" \/>\n<meta property=\"og:title\" content=\"Dansa Espanyola - Conservatorio de Danza\" \/>\n<meta property=\"og:description\" content=\"La Dansa Espanyola forma part dels nostres senyals d&#8217;identitat. Compr\u00e9n una s\u00e8rie d&#8217;estils o disciplines com s\u00f3n el flamenc, l&#8217;escola bolera, la dansa estilitzada o cl\u00e0ssic espanyol i el folklore, assignatures que s\u2019estudien totes al nostre Conservatori.\u00a0 A grans trets podem dir que:\u00a0 El folklore \u00e9s l\u2019expressi\u00f3 cultural d\u2019una regi\u00f3 o d\u2019una poblaci\u00f3. El componen [&hellip;]\" \/>\n<meta property=\"og:url\" content=\"https:\/\/www.conservatoridansaalcoi.com\/va\/dansa-espanyola\/\" \/>\n<meta property=\"og:site_name\" content=\"Conservatorio de Danza\" \/>\n<meta property=\"article:modified_time\" content=\"2021-03-11T12:20:39+00:00\" \/>\n<meta property=\"og:image\" content=\"https:\/\/www.conservatoridansaalcoi.com\/wp-content\/uploads\/2021\/01\/danza_espanola_1.jpg\" \/>\n<meta name=\"twitter:card\" content=\"summary_large_image\" \/>\n<meta name=\"twitter:label1\" content=\"Est. reading time\" \/>\n\t<meta name=\"twitter:data1\" content=\"2 minutes\" \/>\n<script type=\"application\/ld+json\" class=\"yoast-schema-graph\">{\"@context\":\"https:\\\/\\\/schema.org\",\"@graph\":[{\"@type\":\"WebPage\",\"@id\":\"https:\\\/\\\/www.conservatoridansaalcoi.com\\\/va\\\/dansa-espanyola\\\/\",\"url\":\"https:\\\/\\\/www.conservatoridansaalcoi.com\\\/va\\\/dansa-espanyola\\\/\",\"name\":\"Dansa Espanyola - Conservatorio de Danza\",\"isPartOf\":{\"@id\":\"https:\\\/\\\/www.conservatoridansaalcoi.com\\\/va\\\/#website\"},\"primaryImageOfPage\":{\"@id\":\"https:\\\/\\\/www.conservatoridansaalcoi.com\\\/va\\\/dansa-espanyola\\\/#primaryimage\"},\"image\":{\"@id\":\"https:\\\/\\\/www.conservatoridansaalcoi.com\\\/va\\\/dansa-espanyola\\\/#primaryimage\"},\"thumbnailUrl\":\"https:\\\/\\\/www.conservatoridansaalcoi.com\\\/wp-content\\\/uploads\\\/2021\\\/01\\\/danza_espanola_1.jpg\",\"datePublished\":\"2021-01-11T07:17:36+00:00\",\"dateModified\":\"2021-03-11T12:20:39+00:00\",\"breadcrumb\":{\"@id\":\"https:\\\/\\\/www.conservatoridansaalcoi.com\\\/va\\\/dansa-espanyola\\\/#breadcrumb\"},\"inLanguage\":\"es-VA\",\"potentialAction\":[{\"@type\":\"ReadAction\",\"target\":[\"https:\\\/\\\/www.conservatoridansaalcoi.com\\\/va\\\/dansa-espanyola\\\/\"]}]},{\"@type\":\"ImageObject\",\"inLanguage\":\"es-VA\",\"@id\":\"https:\\\/\\\/www.conservatoridansaalcoi.com\\\/va\\\/dansa-espanyola\\\/#primaryimage\",\"url\":\"https:\\\/\\\/www.conservatoridansaalcoi.com\\\/wp-content\\\/uploads\\\/2021\\\/01\\\/danza_espanola_1.jpg\",\"contentUrl\":\"https:\\\/\\\/www.conservatoridansaalcoi.com\\\/wp-content\\\/uploads\\\/2021\\\/01\\\/danza_espanola_1.jpg\"},{\"@type\":\"BreadcrumbList\",\"@id\":\"https:\\\/\\\/www.conservatoridansaalcoi.com\\\/va\\\/dansa-espanyola\\\/#breadcrumb\",\"itemListElement\":[{\"@type\":\"ListItem\",\"position\":1,\"name\":\"Home\",\"item\":\"https:\\\/\\\/www.conservatoridansaalcoi.com\\\/va\\\/\"},{\"@type\":\"ListItem\",\"position\":2,\"name\":\"Dansa Espanyola\"}]},{\"@type\":\"WebSite\",\"@id\":\"https:\\\/\\\/www.conservatoridansaalcoi.com\\\/va\\\/#website\",\"url\":\"https:\\\/\\\/www.conservatoridansaalcoi.com\\\/va\\\/\",\"name\":\"Conservatorio de Danza\",\"description\":\"La danza es el \u00fanico arte en el que nosotros mismos somos el material del que el arte est\u00e1 hecho.\",\"publisher\":{\"@id\":\"https:\\\/\\\/www.conservatoridansaalcoi.com\\\/va\\\/#organization\"},\"potentialAction\":[{\"@type\":\"SearchAction\",\"target\":{\"@type\":\"EntryPoint\",\"urlTemplate\":\"https:\\\/\\\/www.conservatoridansaalcoi.com\\\/va\\\/?s={search_term_string}\"},\"query-input\":{\"@type\":\"PropertyValueSpecification\",\"valueRequired\":true,\"valueName\":\"search_term_string\"}}],\"inLanguage\":\"es-VA\"},{\"@type\":\"Organization\",\"@id\":\"https:\\\/\\\/www.conservatoridansaalcoi.com\\\/va\\\/#organization\",\"name\":\"Conservatorio de Danza\",\"url\":\"https:\\\/\\\/www.conservatoridansaalcoi.com\\\/va\\\/\",\"logo\":{\"@type\":\"ImageObject\",\"inLanguage\":\"es-VA\",\"@id\":\"https:\\\/\\\/www.conservatoridansaalcoi.com\\\/va\\\/#\\\/schema\\\/logo\\\/image\\\/\",\"url\":\"https:\\\/\\\/www.conservatoridansaalcoi.com\\\/wp-content\\\/uploads\\\/2020\\\/08\\\/logo-conservatorio-danza-h.svg\",\"contentUrl\":\"https:\\\/\\\/www.conservatoridansaalcoi.com\\\/wp-content\\\/uploads\\\/2020\\\/08\\\/logo-conservatorio-danza-h.svg\",\"width\":1,\"height\":1,\"caption\":\"Conservatorio de Danza\"},\"image\":{\"@id\":\"https:\\\/\\\/www.conservatoridansaalcoi.com\\\/va\\\/#\\\/schema\\\/logo\\\/image\\\/\"}}]}<\/script>\n<!-- \/ Yoast SEO plugin. -->","yoast_head_json":{"title":"Dansa Espanyola - Conservatorio de Danza","robots":{"index":"index","follow":"follow","max-snippet":"max-snippet:-1","max-image-preview":"max-image-preview:large","max-video-preview":"max-video-preview:-1"},"canonical":"https:\/\/www.conservatoridansaalcoi.com\/va\/dansa-espanyola\/","og_locale":"es_ES","og_type":"article","og_title":"Dansa Espanyola - Conservatorio de Danza","og_description":"La Dansa Espanyola forma part dels nostres senyals d&#8217;identitat. Compr\u00e9n una s\u00e8rie d&#8217;estils o disciplines com s\u00f3n el flamenc, l&#8217;escola bolera, la dansa estilitzada o cl\u00e0ssic espanyol i el folklore, assignatures que s\u2019estudien totes al nostre Conservatori.\u00a0 A grans trets podem dir que:\u00a0 El folklore \u00e9s l\u2019expressi\u00f3 cultural d\u2019una regi\u00f3 o d\u2019una poblaci\u00f3. El componen [&hellip;]","og_url":"https:\/\/www.conservatoridansaalcoi.com\/va\/dansa-espanyola\/","og_site_name":"Conservatorio de Danza","article_modified_time":"2021-03-11T12:20:39+00:00","og_image":[{"url":"https:\/\/www.conservatoridansaalcoi.com\/wp-content\/uploads\/2021\/01\/danza_espanola_1.jpg","type":"","width":"","height":""}],"twitter_card":"summary_large_image","twitter_misc":{"Est. reading time":"2 minutes"},"schema":{"@context":"https:\/\/schema.org","@graph":[{"@type":"WebPage","@id":"https:\/\/www.conservatoridansaalcoi.com\/va\/dansa-espanyola\/","url":"https:\/\/www.conservatoridansaalcoi.com\/va\/dansa-espanyola\/","name":"Dansa Espanyola - Conservatorio de Danza","isPartOf":{"@id":"https:\/\/www.conservatoridansaalcoi.com\/va\/#website"},"primaryImageOfPage":{"@id":"https:\/\/www.conservatoridansaalcoi.com\/va\/dansa-espanyola\/#primaryimage"},"image":{"@id":"https:\/\/www.conservatoridansaalcoi.com\/va\/dansa-espanyola\/#primaryimage"},"thumbnailUrl":"https:\/\/www.conservatoridansaalcoi.com\/wp-content\/uploads\/2021\/01\/danza_espanola_1.jpg","datePublished":"2021-01-11T07:17:36+00:00","dateModified":"2021-03-11T12:20:39+00:00","breadcrumb":{"@id":"https:\/\/www.conservatoridansaalcoi.com\/va\/dansa-espanyola\/#breadcrumb"},"inLanguage":"es-VA","potentialAction":[{"@type":"ReadAction","target":["https:\/\/www.conservatoridansaalcoi.com\/va\/dansa-espanyola\/"]}]},{"@type":"ImageObject","inLanguage":"es-VA","@id":"https:\/\/www.conservatoridansaalcoi.com\/va\/dansa-espanyola\/#primaryimage","url":"https:\/\/www.conservatoridansaalcoi.com\/wp-content\/uploads\/2021\/01\/danza_espanola_1.jpg","contentUrl":"https:\/\/www.conservatoridansaalcoi.com\/wp-content\/uploads\/2021\/01\/danza_espanola_1.jpg"},{"@type":"BreadcrumbList","@id":"https:\/\/www.conservatoridansaalcoi.com\/va\/dansa-espanyola\/#breadcrumb","itemListElement":[{"@type":"ListItem","position":1,"name":"Home","item":"https:\/\/www.conservatoridansaalcoi.com\/va\/"},{"@type":"ListItem","position":2,"name":"Dansa Espanyola"}]},{"@type":"WebSite","@id":"https:\/\/www.conservatoridansaalcoi.com\/va\/#website","url":"https:\/\/www.conservatoridansaalcoi.com\/va\/","name":"Conservatorio de Danza","description":"La danza es el \u00fanico arte en el que nosotros mismos somos el material del que el arte est\u00e1 hecho.","publisher":{"@id":"https:\/\/www.conservatoridansaalcoi.com\/va\/#organization"},"potentialAction":[{"@type":"SearchAction","target":{"@type":"EntryPoint","urlTemplate":"https:\/\/www.conservatoridansaalcoi.com\/va\/?s={search_term_string}"},"query-input":{"@type":"PropertyValueSpecification","valueRequired":true,"valueName":"search_term_string"}}],"inLanguage":"es-VA"},{"@type":"Organization","@id":"https:\/\/www.conservatoridansaalcoi.com\/va\/#organization","name":"Conservatorio de Danza","url":"https:\/\/www.conservatoridansaalcoi.com\/va\/","logo":{"@type":"ImageObject","inLanguage":"es-VA","@id":"https:\/\/www.conservatoridansaalcoi.com\/va\/#\/schema\/logo\/image\/","url":"https:\/\/www.conservatoridansaalcoi.com\/wp-content\/uploads\/2020\/08\/logo-conservatorio-danza-h.svg","contentUrl":"https:\/\/www.conservatoridansaalcoi.com\/wp-content\/uploads\/2020\/08\/logo-conservatorio-danza-h.svg","width":1,"height":1,"caption":"Conservatorio de Danza"},"image":{"@id":"https:\/\/www.conservatoridansaalcoi.com\/va\/#\/schema\/logo\/image\/"}}]}},"_links":{"self":[{"href":"https:\/\/www.conservatoridansaalcoi.com\/va\/wp-json\/wp\/v2\/pages\/1507","targetHints":{"allow":["GET"]}}],"collection":[{"href":"https:\/\/www.conservatoridansaalcoi.com\/va\/wp-json\/wp\/v2\/pages"}],"about":[{"href":"https:\/\/www.conservatoridansaalcoi.com\/va\/wp-json\/wp\/v2\/types\/page"}],"author":[{"embeddable":true,"href":"https:\/\/www.conservatoridansaalcoi.com\/va\/wp-json\/wp\/v2\/users\/1"}],"replies":[{"embeddable":true,"href":"https:\/\/www.conservatoridansaalcoi.com\/va\/wp-json\/wp\/v2\/comments?post=1507"}],"version-history":[{"count":1,"href":"https:\/\/www.conservatoridansaalcoi.com\/va\/wp-json\/wp\/v2\/pages\/1507\/revisions"}],"predecessor-version":[{"id":1508,"href":"https:\/\/www.conservatoridansaalcoi.com\/va\/wp-json\/wp\/v2\/pages\/1507\/revisions\/1508"}],"wp:attachment":[{"href":"https:\/\/www.conservatoridansaalcoi.com\/va\/wp-json\/wp\/v2\/media?parent=1507"}],"curies":[{"name":"wp","href":"https:\/\/api.w.org\/{rel}","templated":true}]}}