{"id":1229,"date":"2021-01-08T07:29:43","date_gmt":"2021-01-08T07:29:43","guid":{"rendered":"https:\/\/conservatoriodanza.acceseo.dev\/instal%c2%b7lacions\/"},"modified":"2021-03-15T11:59:03","modified_gmt":"2021-03-15T10:59:03","slug":"instal%c2%b7lacions","status":"publish","type":"page","link":"https:\/\/www.conservatoridansaalcoi.com\/va\/instal%c2%b7lacions\/","title":{"rendered":"Instal\u00b7lacions"},"content":{"rendered":"\t\t<div data-elementor-type=\"wp-page\" data-elementor-id=\"1229\" class=\"elementor elementor-1229 elementor-683\" data-elementor-post-type=\"page\">\n\t\t\t\t\t\t<section class=\"elementor-section elementor-top-section elementor-element elementor-element-077a3ff elementor-section-full_width elementor-reverse-mobile elementor-section-height-default elementor-section-height-default elementor-invisible\" data-id=\"077a3ff\" data-element_type=\"section\" data-e-type=\"section\" data-settings=\"{&quot;animation&quot;:&quot;fadeInUp&quot;}\">\n\t\t\t\t\t\t<div class=\"elementor-container elementor-column-gap-default\">\n\t\t\t\t\t<div class=\"elementor-column elementor-col-50 elementor-top-column elementor-element elementor-element-d4a727e\" data-id=\"d4a727e\" data-element_type=\"column\" data-e-type=\"column\">\n\t\t\t<div class=\"elementor-widget-wrap elementor-element-populated\">\n\t\t\t\t\t\t<div class=\"elementor-element elementor-element-ccebea3 elementor-widget elementor-widget-heading\" data-id=\"ccebea3\" data-element_type=\"widget\" data-e-type=\"widget\" data-widget_type=\"heading.default\">\n\t\t\t\t<div class=\"elementor-widget-container\">\n\t\t\t\t\t<h2 class=\"elementor-heading-title elementor-size-default\">L'edifici<\/h2>\t\t\t\t<\/div>\n\t\t\t\t<\/div>\n\t\t\t\t<div class=\"elementor-element elementor-element-d8f0798 elementor-widget elementor-widget-text-editor\" data-id=\"d8f0798\" data-element_type=\"widget\" data-e-type=\"widget\" data-widget_type=\"text-editor.default\">\n\t\t\t\t<div class=\"elementor-widget-container\">\n\t\t\t\t\t\t\t\t\t<p>El Conservatori Elemental de Dansa est\u00e0 situat en ple centre de la ciutat d\u2019Alcoi, al carrer de Joan Cant\u00f3, n\u00fam. 2. Les seues instal\u00b7lacions s\u00f3n compartides amb el Conservatori Professional de M\u00fasica Joan Cant\u00f3.<br \/>L&#8217;edifici, m\u00e9s conegut com a \u201cCasa d\u2019Escal\u00f3\u201d, va ser rehabilitat en la d\u00e8cada dels anys 80 per a albergar el Conservatori de M\u00fasica i Dansa.<br \/>T\u00e9 una arquitectura singular d&#8217;estil modernista, del vessant Art Nouveau, dissenyada per Vicente Pascual Pastor (1906-1908).<br \/>Destaca el seu exterior pels carreus r\u00fastics, elements decoratius de forja, la vegetaci\u00f3 esculpida, la porta i els miradors de ferro laminat, els balcons sinuosos i el coronament de l\u2019edifici curvilini. A l&#8217;interior de l&#8217;edifici es poden apreciar la barana de ferro colat amb passamans de fusta tallada, pintures murals, ebenisteria (portes i mobles), capitells d&#8217;algeps, cer\u00e0miques o lloses del terra de paviment hidr\u00e0ulic.<\/p>\n<p>L&#8217;edifici consta de quatre plantes, a m\u00e9s d\u2019una terrassa a l&#8217;\u00e0tic, i d&#8217;un jard\u00ed preci\u00f3s.<\/p>\n\t\t\t\t\t\t\t\t<\/div>\n\t\t\t\t<\/div>\n\t\t\t\t\t<\/div>\n\t\t<\/div>\n\t\t\t\t<div class=\"elementor-column elementor-col-50 elementor-top-column elementor-element elementor-element-0a21143\" data-id=\"0a21143\" data-element_type=\"column\" data-e-type=\"column\">\n\t\t\t<div class=\"elementor-widget-wrap elementor-element-populated\">\n\t\t\t\t\t\t<div class=\"elementor-element elementor-element-e73d266 elementor-widget elementor-widget-image\" data-id=\"e73d266\" data-element_type=\"widget\" data-e-type=\"widget\" data-settings=\"{&quot;sticky&quot;:&quot;top&quot;,&quot;sticky_offset&quot;:165,&quot;sticky_parent&quot;:&quot;yes&quot;,&quot;sticky_on&quot;:[&quot;desktop&quot;,&quot;tablet&quot;,&quot;mobile&quot;],&quot;sticky_effects_offset&quot;:0,&quot;sticky_anchor_link_offset&quot;:0}\" data-widget_type=\"image.default\">\n\t\t\t\t<div class=\"elementor-widget-container\">\n\t\t\t\t\t\t\t\t\t\t\t\t\t\t\t<img fetchpriority=\"high\" decoding=\"async\" width=\"1083\" height=\"719\" src=\"https:\/\/www.conservatoridansaalcoi.com\/wp-content\/uploads\/2021\/01\/instalaciones.jpg\" class=\"attachment-full size-full wp-image-1082\" alt=\"Bailarinas con m\u00fasicos en Alcoy\" srcset=\"https:\/\/www.conservatoridansaalcoi.com\/wp-content\/uploads\/2021\/01\/instalaciones.jpg 1083w, https:\/\/www.conservatoridansaalcoi.com\/wp-content\/uploads\/2021\/01\/instalaciones-300x199.jpg 300w, https:\/\/www.conservatoridansaalcoi.com\/wp-content\/uploads\/2021\/01\/instalaciones-1024x680.jpg 1024w, https:\/\/www.conservatoridansaalcoi.com\/wp-content\/uploads\/2021\/01\/instalaciones-768x510.jpg 768w\" sizes=\"(max-width: 1083px) 100vw, 1083px\" \/>\t\t\t\t\t\t\t\t\t\t\t\t\t\t\t<\/div>\n\t\t\t\t<\/div>\n\t\t\t\t\t<\/div>\n\t\t<\/div>\n\t\t\t\t\t<\/div>\n\t\t<\/section>\n\t\t\t\t<section class=\"elementor-section elementor-top-section elementor-element elementor-element-66b26fc elementor-section-full_width elementor-section-height-default elementor-section-height-default elementor-invisible\" data-id=\"66b26fc\" data-element_type=\"section\" data-e-type=\"section\" data-settings=\"{&quot;animation&quot;:&quot;fadeInUp&quot;}\">\n\t\t\t\t\t\t<div class=\"elementor-container elementor-column-gap-default\">\n\t\t\t\t\t<div class=\"elementor-column elementor-col-50 elementor-top-column elementor-element elementor-element-4093b4a\" data-id=\"4093b4a\" data-element_type=\"column\" data-e-type=\"column\">\n\t\t\t<div class=\"elementor-widget-wrap elementor-element-populated\">\n\t\t\t\t\t\t<div class=\"elementor-element elementor-element-f9170db elementor-widget elementor-widget-image\" data-id=\"f9170db\" data-element_type=\"widget\" data-e-type=\"widget\" data-settings=\"{&quot;sticky&quot;:&quot;top&quot;,&quot;sticky_offset&quot;:165,&quot;sticky_parent&quot;:&quot;yes&quot;,&quot;sticky_on&quot;:[&quot;desktop&quot;,&quot;tablet&quot;,&quot;mobile&quot;],&quot;sticky_effects_offset&quot;:0,&quot;sticky_anchor_link_offset&quot;:0}\" data-widget_type=\"image.default\">\n\t\t\t\t<div class=\"elementor-widget-container\">\n\t\t\t\t\t\t\t\t\t\t\t\t\t\t\t<img decoding=\"async\" width=\"1600\" height=\"1200\" src=\"https:\/\/www.conservatoridansaalcoi.com\/wp-content\/uploads\/2020\/12\/IMG-20200917-WA0039.jpg\" class=\"attachment-full size-full wp-image-693\" alt=\"Aula para practicar ballet\" srcset=\"https:\/\/www.conservatoridansaalcoi.com\/wp-content\/uploads\/2020\/12\/IMG-20200917-WA0039.jpg 1600w, https:\/\/www.conservatoridansaalcoi.com\/wp-content\/uploads\/2020\/12\/IMG-20200917-WA0039-300x225.jpg 300w, https:\/\/www.conservatoridansaalcoi.com\/wp-content\/uploads\/2020\/12\/IMG-20200917-WA0039-1024x768.jpg 1024w, https:\/\/www.conservatoridansaalcoi.com\/wp-content\/uploads\/2020\/12\/IMG-20200917-WA0039-768x576.jpg 768w, https:\/\/www.conservatoridansaalcoi.com\/wp-content\/uploads\/2020\/12\/IMG-20200917-WA0039-1536x1152.jpg 1536w\" sizes=\"(max-width: 1600px) 100vw, 1600px\" \/>\t\t\t\t\t\t\t\t\t\t\t\t\t\t\t<\/div>\n\t\t\t\t<\/div>\n\t\t\t\t\t<\/div>\n\t\t<\/div>\n\t\t\t\t<div class=\"elementor-column elementor-col-50 elementor-top-column elementor-element elementor-element-5fdcd5c\" data-id=\"5fdcd5c\" data-element_type=\"column\" data-e-type=\"column\">\n\t\t\t<div class=\"elementor-widget-wrap elementor-element-populated\">\n\t\t\t\t\t\t<div class=\"elementor-element elementor-element-983f347 elementor-widget elementor-widget-heading\" data-id=\"983f347\" data-element_type=\"widget\" data-e-type=\"widget\" data-widget_type=\"heading.default\">\n\t\t\t\t<div class=\"elementor-widget-container\">\n\t\t\t\t\t<h2 class=\"elementor-heading-title elementor-size-default\">Per a l'alumnat<\/h2>\t\t\t\t<\/div>\n\t\t\t\t<\/div>\n\t\t\t\t<div class=\"elementor-element elementor-element-9923e47 elementor-widget elementor-widget-text-editor\" data-id=\"9923e47\" data-element_type=\"widget\" data-e-type=\"widget\" data-widget_type=\"text-editor.default\">\n\t\t\t\t<div class=\"elementor-widget-container\">\n\t\t\t\t\t\t\t\t\t<p>L&#8217;alumnat disposa de 4 aules de dansa de 125m. quadrats, a m\u00e9s de l&#8217;aula de m\u00fasica, una xicoteta sala d&#8217;actes, vestidors amb armariets personals, banys, dutxes i una zona amb dispensadors d&#8217;aigua i m\u00e0quines expenedores.<\/p>\n<p>Biblioteca, fonoteca, videoteca: aquest \u00e9s un espai dedicat a la lectura, estudi o consulta de qualsevol tema d&#8217;inter\u00e9s relacionat amb la Dansa.<\/p>\n\t\t\t\t\t\t\t\t<\/div>\n\t\t\t\t<\/div>\n\t\t\t\t\t<\/div>\n\t\t<\/div>\n\t\t\t\t\t<\/div>\n\t\t<\/section>\n\t\t\t\t<\/div>\n\t\t","protected":false},"excerpt":{"rendered":"<p>L&#8217;edifici El Conservatori Elemental de Dansa est\u00e0 situat en ple centre de la ciutat d\u2019Alcoi, al carrer de Joan Cant\u00f3, n\u00fam. 2. Les seues instal\u00b7lacions s\u00f3n compartides amb el Conservatori Professional de M\u00fasica Joan Cant\u00f3.L&#8217;edifici, m\u00e9s conegut com a \u201cCasa d\u2019Escal\u00f3\u201d, va ser rehabilitat en la d\u00e8cada dels anys 80 per a albergar el Conservatori [&hellip;]<\/p>\n","protected":false},"author":1,"featured_media":0,"parent":0,"menu_order":0,"comment_status":"closed","ping_status":"closed","template":"elementor_header_footer","meta":{"_acf_changed":false,"footnotes":""},"class_list":["post-1229","page","type-page","status-publish","hentry"],"acf":[],"yoast_head":"<!-- This site is optimized with the Yoast SEO plugin v27.3 - https:\/\/yoast.com\/product\/yoast-seo-wordpress\/ -->\n<title>Instal\u00b7lacions - Conservatorio de Danza<\/title>\n<meta name=\"robots\" content=\"index, follow, max-snippet:-1, max-image-preview:large, max-video-preview:-1\" \/>\n<link rel=\"canonical\" href=\"https:\/\/www.conservatoridansaalcoi.com\/va\/instal%c2%b7lacions\/\" \/>\n<meta property=\"og:locale\" content=\"es_ES\" \/>\n<meta property=\"og:type\" content=\"article\" \/>\n<meta property=\"og:title\" content=\"Instal\u00b7lacions - Conservatorio de Danza\" \/>\n<meta property=\"og:description\" content=\"L&#8217;edifici El Conservatori Elemental de Dansa est\u00e0 situat en ple centre de la ciutat d\u2019Alcoi, al carrer de Joan Cant\u00f3, n\u00fam. 2. Les seues instal\u00b7lacions s\u00f3n compartides amb el Conservatori Professional de M\u00fasica Joan Cant\u00f3.L&#8217;edifici, m\u00e9s conegut com a \u201cCasa d\u2019Escal\u00f3\u201d, va ser rehabilitat en la d\u00e8cada dels anys 80 per a albergar el Conservatori [&hellip;]\" \/>\n<meta property=\"og:url\" content=\"https:\/\/www.conservatoridansaalcoi.com\/va\/instal%c2%b7lacions\/\" \/>\n<meta property=\"og:site_name\" content=\"Conservatorio de Danza\" \/>\n<meta property=\"article:modified_time\" content=\"2021-03-15T10:59:03+00:00\" \/>\n<meta property=\"og:image\" content=\"https:\/\/www.conservatoridansaalcoi.com\/wp-content\/uploads\/2021\/01\/instalaciones.jpg\" \/>\n<meta name=\"twitter:card\" content=\"summary_large_image\" \/>\n<meta name=\"twitter:label1\" content=\"Est. reading time\" \/>\n\t<meta name=\"twitter:data1\" content=\"1 minute\" \/>\n<script type=\"application\/ld+json\" class=\"yoast-schema-graph\">{\"@context\":\"https:\\\/\\\/schema.org\",\"@graph\":[{\"@type\":\"WebPage\",\"@id\":\"https:\\\/\\\/www.conservatoridansaalcoi.com\\\/va\\\/instal%c2%b7lacions\\\/\",\"url\":\"https:\\\/\\\/www.conservatoridansaalcoi.com\\\/va\\\/instal%c2%b7lacions\\\/\",\"name\":\"Instal\u00b7lacions - Conservatorio de Danza\",\"isPartOf\":{\"@id\":\"https:\\\/\\\/www.conservatoridansaalcoi.com\\\/va\\\/#website\"},\"primaryImageOfPage\":{\"@id\":\"https:\\\/\\\/www.conservatoridansaalcoi.com\\\/va\\\/instal%c2%b7lacions\\\/#primaryimage\"},\"image\":{\"@id\":\"https:\\\/\\\/www.conservatoridansaalcoi.com\\\/va\\\/instal%c2%b7lacions\\\/#primaryimage\"},\"thumbnailUrl\":\"https:\\\/\\\/www.conservatoridansaalcoi.com\\\/wp-content\\\/uploads\\\/2021\\\/01\\\/instalaciones.jpg\",\"datePublished\":\"2021-01-08T07:29:43+00:00\",\"dateModified\":\"2021-03-15T10:59:03+00:00\",\"breadcrumb\":{\"@id\":\"https:\\\/\\\/www.conservatoridansaalcoi.com\\\/va\\\/instal%c2%b7lacions\\\/#breadcrumb\"},\"inLanguage\":\"es-VA\",\"potentialAction\":[{\"@type\":\"ReadAction\",\"target\":[\"https:\\\/\\\/www.conservatoridansaalcoi.com\\\/va\\\/instal%c2%b7lacions\\\/\"]}]},{\"@type\":\"ImageObject\",\"inLanguage\":\"es-VA\",\"@id\":\"https:\\\/\\\/www.conservatoridansaalcoi.com\\\/va\\\/instal%c2%b7lacions\\\/#primaryimage\",\"url\":\"https:\\\/\\\/www.conservatoridansaalcoi.com\\\/wp-content\\\/uploads\\\/2021\\\/01\\\/instalaciones.jpg\",\"contentUrl\":\"https:\\\/\\\/www.conservatoridansaalcoi.com\\\/wp-content\\\/uploads\\\/2021\\\/01\\\/instalaciones.jpg\"},{\"@type\":\"BreadcrumbList\",\"@id\":\"https:\\\/\\\/www.conservatoridansaalcoi.com\\\/va\\\/instal%c2%b7lacions\\\/#breadcrumb\",\"itemListElement\":[{\"@type\":\"ListItem\",\"position\":1,\"name\":\"Home\",\"item\":\"https:\\\/\\\/www.conservatoridansaalcoi.com\\\/va\\\/\"},{\"@type\":\"ListItem\",\"position\":2,\"name\":\"Instal\u00b7lacions\"}]},{\"@type\":\"WebSite\",\"@id\":\"https:\\\/\\\/www.conservatoridansaalcoi.com\\\/va\\\/#website\",\"url\":\"https:\\\/\\\/www.conservatoridansaalcoi.com\\\/va\\\/\",\"name\":\"Conservatorio de Danza\",\"description\":\"La danza es el \u00fanico arte en el que nosotros mismos somos el material del que el arte est\u00e1 hecho.\",\"publisher\":{\"@id\":\"https:\\\/\\\/www.conservatoridansaalcoi.com\\\/va\\\/#organization\"},\"potentialAction\":[{\"@type\":\"SearchAction\",\"target\":{\"@type\":\"EntryPoint\",\"urlTemplate\":\"https:\\\/\\\/www.conservatoridansaalcoi.com\\\/va\\\/?s={search_term_string}\"},\"query-input\":{\"@type\":\"PropertyValueSpecification\",\"valueRequired\":true,\"valueName\":\"search_term_string\"}}],\"inLanguage\":\"es-VA\"},{\"@type\":\"Organization\",\"@id\":\"https:\\\/\\\/www.conservatoridansaalcoi.com\\\/va\\\/#organization\",\"name\":\"Conservatorio de Danza\",\"url\":\"https:\\\/\\\/www.conservatoridansaalcoi.com\\\/va\\\/\",\"logo\":{\"@type\":\"ImageObject\",\"inLanguage\":\"es-VA\",\"@id\":\"https:\\\/\\\/www.conservatoridansaalcoi.com\\\/va\\\/#\\\/schema\\\/logo\\\/image\\\/\",\"url\":\"https:\\\/\\\/www.conservatoridansaalcoi.com\\\/wp-content\\\/uploads\\\/2020\\\/08\\\/logo-conservatorio-danza-h.svg\",\"contentUrl\":\"https:\\\/\\\/www.conservatoridansaalcoi.com\\\/wp-content\\\/uploads\\\/2020\\\/08\\\/logo-conservatorio-danza-h.svg\",\"width\":1,\"height\":1,\"caption\":\"Conservatorio de Danza\"},\"image\":{\"@id\":\"https:\\\/\\\/www.conservatoridansaalcoi.com\\\/va\\\/#\\\/schema\\\/logo\\\/image\\\/\"}}]}<\/script>\n<!-- \/ Yoast SEO plugin. -->","yoast_head_json":{"title":"Instal\u00b7lacions - Conservatorio de Danza","robots":{"index":"index","follow":"follow","max-snippet":"max-snippet:-1","max-image-preview":"max-image-preview:large","max-video-preview":"max-video-preview:-1"},"canonical":"https:\/\/www.conservatoridansaalcoi.com\/va\/instal%c2%b7lacions\/","og_locale":"es_ES","og_type":"article","og_title":"Instal\u00b7lacions - Conservatorio de Danza","og_description":"L&#8217;edifici El Conservatori Elemental de Dansa est\u00e0 situat en ple centre de la ciutat d\u2019Alcoi, al carrer de Joan Cant\u00f3, n\u00fam. 2. Les seues instal\u00b7lacions s\u00f3n compartides amb el Conservatori Professional de M\u00fasica Joan Cant\u00f3.L&#8217;edifici, m\u00e9s conegut com a \u201cCasa d\u2019Escal\u00f3\u201d, va ser rehabilitat en la d\u00e8cada dels anys 80 per a albergar el Conservatori [&hellip;]","og_url":"https:\/\/www.conservatoridansaalcoi.com\/va\/instal%c2%b7lacions\/","og_site_name":"Conservatorio de Danza","article_modified_time":"2021-03-15T10:59:03+00:00","og_image":[{"url":"https:\/\/www.conservatoridansaalcoi.com\/wp-content\/uploads\/2021\/01\/instalaciones.jpg","type":"","width":"","height":""}],"twitter_card":"summary_large_image","twitter_misc":{"Est. reading time":"1 minute"},"schema":{"@context":"https:\/\/schema.org","@graph":[{"@type":"WebPage","@id":"https:\/\/www.conservatoridansaalcoi.com\/va\/instal%c2%b7lacions\/","url":"https:\/\/www.conservatoridansaalcoi.com\/va\/instal%c2%b7lacions\/","name":"Instal\u00b7lacions - Conservatorio de Danza","isPartOf":{"@id":"https:\/\/www.conservatoridansaalcoi.com\/va\/#website"},"primaryImageOfPage":{"@id":"https:\/\/www.conservatoridansaalcoi.com\/va\/instal%c2%b7lacions\/#primaryimage"},"image":{"@id":"https:\/\/www.conservatoridansaalcoi.com\/va\/instal%c2%b7lacions\/#primaryimage"},"thumbnailUrl":"https:\/\/www.conservatoridansaalcoi.com\/wp-content\/uploads\/2021\/01\/instalaciones.jpg","datePublished":"2021-01-08T07:29:43+00:00","dateModified":"2021-03-15T10:59:03+00:00","breadcrumb":{"@id":"https:\/\/www.conservatoridansaalcoi.com\/va\/instal%c2%b7lacions\/#breadcrumb"},"inLanguage":"es-VA","potentialAction":[{"@type":"ReadAction","target":["https:\/\/www.conservatoridansaalcoi.com\/va\/instal%c2%b7lacions\/"]}]},{"@type":"ImageObject","inLanguage":"es-VA","@id":"https:\/\/www.conservatoridansaalcoi.com\/va\/instal%c2%b7lacions\/#primaryimage","url":"https:\/\/www.conservatoridansaalcoi.com\/wp-content\/uploads\/2021\/01\/instalaciones.jpg","contentUrl":"https:\/\/www.conservatoridansaalcoi.com\/wp-content\/uploads\/2021\/01\/instalaciones.jpg"},{"@type":"BreadcrumbList","@id":"https:\/\/www.conservatoridansaalcoi.com\/va\/instal%c2%b7lacions\/#breadcrumb","itemListElement":[{"@type":"ListItem","position":1,"name":"Home","item":"https:\/\/www.conservatoridansaalcoi.com\/va\/"},{"@type":"ListItem","position":2,"name":"Instal\u00b7lacions"}]},{"@type":"WebSite","@id":"https:\/\/www.conservatoridansaalcoi.com\/va\/#website","url":"https:\/\/www.conservatoridansaalcoi.com\/va\/","name":"Conservatorio de Danza","description":"La danza es el \u00fanico arte en el que nosotros mismos somos el material del que el arte est\u00e1 hecho.","publisher":{"@id":"https:\/\/www.conservatoridansaalcoi.com\/va\/#organization"},"potentialAction":[{"@type":"SearchAction","target":{"@type":"EntryPoint","urlTemplate":"https:\/\/www.conservatoridansaalcoi.com\/va\/?s={search_term_string}"},"query-input":{"@type":"PropertyValueSpecification","valueRequired":true,"valueName":"search_term_string"}}],"inLanguage":"es-VA"},{"@type":"Organization","@id":"https:\/\/www.conservatoridansaalcoi.com\/va\/#organization","name":"Conservatorio de Danza","url":"https:\/\/www.conservatoridansaalcoi.com\/va\/","logo":{"@type":"ImageObject","inLanguage":"es-VA","@id":"https:\/\/www.conservatoridansaalcoi.com\/va\/#\/schema\/logo\/image\/","url":"https:\/\/www.conservatoridansaalcoi.com\/wp-content\/uploads\/2020\/08\/logo-conservatorio-danza-h.svg","contentUrl":"https:\/\/www.conservatoridansaalcoi.com\/wp-content\/uploads\/2020\/08\/logo-conservatorio-danza-h.svg","width":1,"height":1,"caption":"Conservatorio de Danza"},"image":{"@id":"https:\/\/www.conservatoridansaalcoi.com\/va\/#\/schema\/logo\/image\/"}}]}},"_links":{"self":[{"href":"https:\/\/www.conservatoridansaalcoi.com\/va\/wp-json\/wp\/v2\/pages\/1229","targetHints":{"allow":["GET"]}}],"collection":[{"href":"https:\/\/www.conservatoridansaalcoi.com\/va\/wp-json\/wp\/v2\/pages"}],"about":[{"href":"https:\/\/www.conservatoridansaalcoi.com\/va\/wp-json\/wp\/v2\/types\/page"}],"author":[{"embeddable":true,"href":"https:\/\/www.conservatoridansaalcoi.com\/va\/wp-json\/wp\/v2\/users\/1"}],"replies":[{"embeddable":true,"href":"https:\/\/www.conservatoridansaalcoi.com\/va\/wp-json\/wp\/v2\/comments?post=1229"}],"version-history":[{"count":6,"href":"https:\/\/www.conservatoridansaalcoi.com\/va\/wp-json\/wp\/v2\/pages\/1229\/revisions"}],"predecessor-version":[{"id":3250,"href":"https:\/\/www.conservatoridansaalcoi.com\/va\/wp-json\/wp\/v2\/pages\/1229\/revisions\/3250"}],"wp:attachment":[{"href":"https:\/\/www.conservatoridansaalcoi.com\/va\/wp-json\/wp\/v2\/media?parent=1229"}],"curies":[{"name":"wp","href":"https:\/\/api.w.org\/{rel}","templated":true}]}}