{"id":1216,"date":"2021-01-08T07:08:58","date_gmt":"2021-01-08T07:08:58","guid":{"rendered":"https:\/\/conservatoriodanza.acceseo.dev\/que-som\/"},"modified":"2021-03-11T13:18:11","modified_gmt":"2021-03-11T12:18:11","slug":"que-som","status":"publish","type":"page","link":"https:\/\/www.conservatoridansaalcoi.com\/va\/que-som\/","title":{"rendered":"Qu\u00e8 Som?"},"content":{"rendered":"\t\t<div data-elementor-type=\"wp-page\" data-elementor-id=\"1216\" class=\"elementor elementor-1216 elementor-267\" data-elementor-post-type=\"page\">\n\t\t\t\t\t\t<section class=\"elementor-section elementor-top-section elementor-element elementor-element-6916f67 elementor-section-full_width elementor-reverse-mobile elementor-section-height-default elementor-section-height-default elementor-invisible\" data-id=\"6916f67\" data-element_type=\"section\" data-e-type=\"section\" data-settings=\"{&quot;animation&quot;:&quot;fadeInUp&quot;}\">\n\t\t\t\t\t\t<div class=\"elementor-container elementor-column-gap-default\">\n\t\t\t\t\t<div class=\"elementor-column elementor-col-50 elementor-top-column elementor-element elementor-element-dbfa5a6\" data-id=\"dbfa5a6\" data-element_type=\"column\" data-e-type=\"column\">\n\t\t\t<div class=\"elementor-widget-wrap elementor-element-populated\">\n\t\t\t\t\t\t<div class=\"elementor-element elementor-element-393d472 elementor-widget elementor-widget-text-editor\" data-id=\"393d472\" data-element_type=\"widget\" data-e-type=\"widget\" data-widget_type=\"text-editor.default\">\n\t\t\t\t<div class=\"elementor-widget-container\">\n\t\t\t\t\t\t\t\t\t<p>El <strong>Conservatori Elemental de Dansa d&#8217;Alcoi<\/strong> som un <strong>Centre Oficial<\/strong> reconegut en l&#8217;ensenyament de la Dansa, que pertany a l\u2019<strong>Ajuntament d&#8217;Alcoi<\/strong>, en el qual, a m\u00e9s d\u2019impartir una Formaci\u00f3 Elemental per a l&#8217;obtenci\u00f3 de la Titulaci\u00f3 Oficial del Grau, hem dissenyat dos nous itineraris per a la formaci\u00f3 i l&#8217;aprenentatge de Dansa: En el que adem\u00e1s de impartir una Formaci\u00f3n Elemental para la obtenci\u00f3n de la Titulaci\u00f3n Oficial del Grado, hemos dise\u00f1ado dos nuevos itinerarios para la formaci\u00f3n y el aprendizaje de Danza:<\/p>\n<p>Els Ensenyaments <strong>Preelementals<\/strong>, els cursos de formaci\u00f3 dels quals van dirigits a aquells alumnes que des de molt curta edat volen iniciar-se en el m\u00f3n de la Dansa, i els permet la preparaci\u00f3 per a l&#8217;acc\u00e9s als Ensenyaments Elementals de Dansa<\/p>\n<p>Els <strong>Cursos d\u2019Ampliaci\u00f3 d\u2019Estudis<\/strong>, orientats a aquells alumnes que volen professionalitzar-se i\/o especialitzar-se en els ensenyaments art\u00edstics, en els quals es cursen les disciplines de Dansa Cl\u00e0ssica, Dansa Espanyola o Dansa Contempor\u00e0nia, amb la finalitat de preparar els seus accessos als Ensenyaments Professionals de Dansa o \u00fanicament per a continuar vinculats a la formaci\u00f3 i l\u2019aprenentatge de la Dansa.<\/p>\n<p>En el Conservatori Elemental de Dansa d\u2019Alcoi tenim com un dels nostres objectius principals fomentar el desenvolupament i la dinamitzaci\u00f3 de la vida art\u00edstica, aix\u00ed com enriquir, desenvolupar i conservar el nostre patrimoni cultural. Per aix\u00f2, assumim el repte de crear estructures pedag\u00f2giques del Grau Elemental que permeten una formaci\u00f3 humana, t\u00e8cnica i art\u00edstica de qualitat. I, per aix\u00f2, som un Centre Actiu, que cada any treballa per a la formaci\u00f3 de nous projectes, en col\u00b7laboraci\u00f3 amb els diferents Organismes i Institucions Art\u00edstiques i Educatives.<\/p>\n<p>Som un\u00a0<strong>Centre Actiu<\/strong>, que cada any treballa per a la formaci\u00f3 de nous projectes, en col\u00b7laboraci\u00f3 amb els diferents Organismes i Institucions Art\u00edstiques i Educatives.<\/p>\n\t\t\t\t\t\t\t\t<\/div>\n\t\t\t\t<\/div>\n\t\t\t\t\t<\/div>\n\t\t<\/div>\n\t\t\t\t<div class=\"elementor-column elementor-col-50 elementor-top-column elementor-element elementor-element-0a7a1ad\" data-id=\"0a7a1ad\" data-element_type=\"column\" data-e-type=\"column\">\n\t\t\t<div class=\"elementor-widget-wrap elementor-element-populated\">\n\t\t\t\t\t\t<div class=\"elementor-element elementor-element-2f8627f elementor-widget elementor-widget-image\" data-id=\"2f8627f\" data-element_type=\"widget\" data-e-type=\"widget\" data-settings=\"{&quot;sticky&quot;:&quot;top&quot;,&quot;sticky_offset&quot;:165,&quot;sticky_parent&quot;:&quot;yes&quot;,&quot;sticky_on&quot;:[&quot;desktop&quot;,&quot;tablet&quot;,&quot;mobile&quot;],&quot;sticky_effects_offset&quot;:0,&quot;sticky_anchor_link_offset&quot;:0}\" data-widget_type=\"image.default\">\n\t\t\t\t<div class=\"elementor-widget-container\">\n\t\t\t\t\t\t\t\t\t\t\t\t\t\t\t<img fetchpriority=\"high\" decoding=\"async\" width=\"1080\" height=\"1620\" src=\"https:\/\/www.conservatoridansaalcoi.com\/wp-content\/uploads\/2021\/01\/que-somos.jpg\" class=\"attachment-full size-full wp-image-1059\" alt=\"Bailarina haciendo pose\" srcset=\"https:\/\/www.conservatoridansaalcoi.com\/wp-content\/uploads\/2021\/01\/que-somos.jpg 1080w, https:\/\/www.conservatoridansaalcoi.com\/wp-content\/uploads\/2021\/01\/que-somos-200x300.jpg 200w, https:\/\/www.conservatoridansaalcoi.com\/wp-content\/uploads\/2021\/01\/que-somos-683x1024.jpg 683w, https:\/\/www.conservatoridansaalcoi.com\/wp-content\/uploads\/2021\/01\/que-somos-768x1152.jpg 768w, https:\/\/www.conservatoridansaalcoi.com\/wp-content\/uploads\/2021\/01\/que-somos-1024x1536.jpg 1024w\" sizes=\"(max-width: 1080px) 100vw, 1080px\" \/>\t\t\t\t\t\t\t\t\t\t\t\t\t\t\t<\/div>\n\t\t\t\t<\/div>\n\t\t\t\t\t<\/div>\n\t\t<\/div>\n\t\t\t\t\t<\/div>\n\t\t<\/section>\n\t\t\t\t<section class=\"elementor-section elementor-top-section elementor-element elementor-element-08b0df3 elementor-section-full_width elementor-section-height-default elementor-section-height-default elementor-invisible\" data-id=\"08b0df3\" data-element_type=\"section\" data-e-type=\"section\" data-settings=\"{&quot;animation&quot;:&quot;fadeInUp&quot;}\">\n\t\t\t\t\t\t<div class=\"elementor-container elementor-column-gap-default\">\n\t\t\t\t\t<div class=\"elementor-column elementor-col-100 elementor-top-column elementor-element elementor-element-441dba7\" data-id=\"441dba7\" data-element_type=\"column\" data-e-type=\"column\">\n\t\t\t<div class=\"elementor-widget-wrap elementor-element-populated\">\n\t\t\t\t\t\t<div class=\"elementor-element elementor-element-49dcb53 elementor-pagination-position-outside elementor-widget elementor-widget-image-carousel\" data-id=\"49dcb53\" data-element_type=\"widget\" data-e-type=\"widget\" data-settings=\"{&quot;slides_to_show&quot;:&quot;4&quot;,&quot;navigation&quot;:&quot;dots&quot;,&quot;slides_to_scroll&quot;:&quot;2&quot;,&quot;slides_to_show_tablet&quot;:&quot;2&quot;,&quot;autoplay&quot;:&quot;yes&quot;,&quot;pause_on_hover&quot;:&quot;yes&quot;,&quot;pause_on_interaction&quot;:&quot;yes&quot;,&quot;autoplay_speed&quot;:5000,&quot;infinite&quot;:&quot;yes&quot;,&quot;speed&quot;:500,&quot;image_spacing_custom&quot;:{&quot;unit&quot;:&quot;px&quot;,&quot;size&quot;:20,&quot;sizes&quot;:[]},&quot;image_spacing_custom_tablet&quot;:{&quot;unit&quot;:&quot;px&quot;,&quot;size&quot;:&quot;&quot;,&quot;sizes&quot;:[]},&quot;image_spacing_custom_mobile&quot;:{&quot;unit&quot;:&quot;px&quot;,&quot;size&quot;:&quot;&quot;,&quot;sizes&quot;:[]}}\" data-widget_type=\"image-carousel.default\">\n\t\t\t\t<div class=\"elementor-widget-container\">\n\t\t\t\t\t\t\t<div class=\"elementor-image-carousel-wrapper swiper\" role=\"region\" aria-roledescription=\"carousel\" aria-label=\"Image Carousel\" dir=\"ltr\">\n\t\t\t<div class=\"elementor-image-carousel swiper-wrapper\" aria-live=\"off\">\n\t\t\t\t\t\t\t\t<div class=\"swiper-slide\" role=\"group\" aria-roledescription=\"slide\" aria-label=\"1 of 5\"><figure class=\"swiper-slide-inner\"><img decoding=\"async\" class=\"swiper-slide-image\" src=\"https:\/\/www.conservatoridansaalcoi.com\/wp-content\/uploads\/elementor\/thumbs\/slider5-p4c9tp1gpmom6fclct6klkf87x8aqovux6gkhjidj6.jpg\" alt=\"J\u00f3venes bailarinas en clase de ballet\" \/><\/figure><\/div><div class=\"swiper-slide\" role=\"group\" aria-roledescription=\"slide\" aria-label=\"2 of 5\"><figure class=\"swiper-slide-inner\"><img decoding=\"async\" class=\"swiper-slide-image\" src=\"https:\/\/www.conservatoridansaalcoi.com\/wp-content\/uploads\/elementor\/thumbs\/slider4-p4c9to3misnbutdyiary12nrmjcxizs4l1t309jrpe.jpg\" alt=\"Dos j\u00f3venes bailarinas haciendo ejercicio dentro del estudio\" \/><\/figure><\/div><div class=\"swiper-slide\" role=\"group\" aria-roledescription=\"slide\" aria-label=\"3 of 5\"><figure class=\"swiper-slide-inner\"><img decoding=\"async\" class=\"swiper-slide-image\" src=\"https:\/\/www.conservatoridansaalcoi.com\/wp-content\/uploads\/elementor\/thumbs\/slider3-p4c9to3misnbutdyiary12nrmjcxizs4l1t309jrpe.jpg\" alt=\"Bailarinas haciendo ejercicio dentro del estudio\" \/><\/figure><\/div><div class=\"swiper-slide\" role=\"group\" aria-roledescription=\"slide\" aria-label=\"4 of 5\"><figure class=\"swiper-slide-inner\"><img decoding=\"async\" class=\"swiper-slide-image\" src=\"https:\/\/www.conservatoridansaalcoi.com\/wp-content\/uploads\/elementor\/thumbs\/slider2-p4c9to3misnbutdyiary12nrmjcxizs4l1t309jrpe.jpg\" alt=\"Fragmento de la escuela de ballet con las piernas de las ni\u00f1as en pointes\" \/><\/figure><\/div><div class=\"swiper-slide\" role=\"group\" aria-roledescription=\"slide\" aria-label=\"5 of 5\"><figure class=\"swiper-slide-inner\"><img decoding=\"async\" class=\"swiper-slide-image\" src=\"https:\/\/www.conservatoridansaalcoi.com\/wp-content\/uploads\/elementor\/thumbs\/slider1-p4c9to3misnbutdyiary12nrmjcxizs4l1t309jrpe.jpg\" alt=\"Bailarina joven en clase\" \/><\/figure><\/div>\t\t\t<\/div>\n\t\t\t\t\t\t\t\n\t\t\t\t\t\t\t\t\t<div class=\"swiper-pagination\"><\/div>\n\t\t\t\t\t\t\t\t\t<\/div>\n\t\t\t\t\t\t<\/div>\n\t\t\t\t<\/div>\n\t\t\t\t\t<\/div>\n\t\t<\/div>\n\t\t\t\t\t<\/div>\n\t\t<\/section>\n\t\t\t\t<\/div>\n\t\t","protected":false},"excerpt":{"rendered":"<p>El Conservatori Elemental de Dansa d&#8217;Alcoi som un Centre Oficial reconegut en l&#8217;ensenyament de la Dansa, que pertany a l\u2019Ajuntament d&#8217;Alcoi, en el qual, a m\u00e9s d\u2019impartir una Formaci\u00f3 Elemental per a l&#8217;obtenci\u00f3 de la Titulaci\u00f3 Oficial del Grau, hem dissenyat dos nous itineraris per a la formaci\u00f3 i l&#8217;aprenentatge de Dansa: En el que [&hellip;]<\/p>\n","protected":false},"author":1,"featured_media":0,"parent":0,"menu_order":0,"comment_status":"closed","ping_status":"closed","template":"elementor_header_footer","meta":{"_acf_changed":false,"footnotes":""},"class_list":["post-1216","page","type-page","status-publish","hentry"],"acf":[],"yoast_head":"<!-- This site is optimized with the Yoast SEO plugin v27.3 - https:\/\/yoast.com\/product\/yoast-seo-wordpress\/ -->\n<title>Qu\u00e8 Som? - Conservatorio de Danza<\/title>\n<meta name=\"robots\" content=\"index, follow, max-snippet:-1, max-image-preview:large, max-video-preview:-1\" \/>\n<link rel=\"canonical\" href=\"https:\/\/www.conservatoridansaalcoi.com\/va\/que-som\/\" \/>\n<meta property=\"og:locale\" content=\"es_ES\" \/>\n<meta property=\"og:type\" content=\"article\" \/>\n<meta property=\"og:title\" content=\"Qu\u00e8 Som? - Conservatorio de Danza\" \/>\n<meta property=\"og:description\" content=\"El Conservatori Elemental de Dansa d&#8217;Alcoi som un Centre Oficial reconegut en l&#8217;ensenyament de la Dansa, que pertany a l\u2019Ajuntament d&#8217;Alcoi, en el qual, a m\u00e9s d\u2019impartir una Formaci\u00f3 Elemental per a l&#8217;obtenci\u00f3 de la Titulaci\u00f3 Oficial del Grau, hem dissenyat dos nous itineraris per a la formaci\u00f3 i l&#8217;aprenentatge de Dansa: En el que [&hellip;]\" \/>\n<meta property=\"og:url\" content=\"https:\/\/www.conservatoridansaalcoi.com\/va\/que-som\/\" \/>\n<meta property=\"og:site_name\" content=\"Conservatorio de Danza\" \/>\n<meta property=\"article:modified_time\" content=\"2021-03-11T12:18:11+00:00\" \/>\n<meta property=\"og:image\" content=\"https:\/\/www.conservatoridansaalcoi.com\/wp-content\/uploads\/2021\/01\/que-somos.jpg\" \/>\n<meta name=\"twitter:card\" content=\"summary_large_image\" \/>\n<meta name=\"twitter:label1\" content=\"Est. reading time\" \/>\n\t<meta name=\"twitter:data1\" content=\"2 minutes\" \/>\n<script type=\"application\/ld+json\" class=\"yoast-schema-graph\">{\"@context\":\"https:\\\/\\\/schema.org\",\"@graph\":[{\"@type\":\"WebPage\",\"@id\":\"https:\\\/\\\/www.conservatoridansaalcoi.com\\\/va\\\/que-som\\\/\",\"url\":\"https:\\\/\\\/www.conservatoridansaalcoi.com\\\/va\\\/que-som\\\/\",\"name\":\"Qu\u00e8 Som? - Conservatorio de Danza\",\"isPartOf\":{\"@id\":\"https:\\\/\\\/www.conservatoridansaalcoi.com\\\/va\\\/#website\"},\"primaryImageOfPage\":{\"@id\":\"https:\\\/\\\/www.conservatoridansaalcoi.com\\\/va\\\/que-som\\\/#primaryimage\"},\"image\":{\"@id\":\"https:\\\/\\\/www.conservatoridansaalcoi.com\\\/va\\\/que-som\\\/#primaryimage\"},\"thumbnailUrl\":\"https:\\\/\\\/www.conservatoridansaalcoi.com\\\/wp-content\\\/uploads\\\/2021\\\/01\\\/que-somos.jpg\",\"datePublished\":\"2021-01-08T07:08:58+00:00\",\"dateModified\":\"2021-03-11T12:18:11+00:00\",\"breadcrumb\":{\"@id\":\"https:\\\/\\\/www.conservatoridansaalcoi.com\\\/va\\\/que-som\\\/#breadcrumb\"},\"inLanguage\":\"es-VA\",\"potentialAction\":[{\"@type\":\"ReadAction\",\"target\":[\"https:\\\/\\\/www.conservatoridansaalcoi.com\\\/va\\\/que-som\\\/\"]}]},{\"@type\":\"ImageObject\",\"inLanguage\":\"es-VA\",\"@id\":\"https:\\\/\\\/www.conservatoridansaalcoi.com\\\/va\\\/que-som\\\/#primaryimage\",\"url\":\"https:\\\/\\\/www.conservatoridansaalcoi.com\\\/wp-content\\\/uploads\\\/2021\\\/01\\\/que-somos.jpg\",\"contentUrl\":\"https:\\\/\\\/www.conservatoridansaalcoi.com\\\/wp-content\\\/uploads\\\/2021\\\/01\\\/que-somos.jpg\"},{\"@type\":\"BreadcrumbList\",\"@id\":\"https:\\\/\\\/www.conservatoridansaalcoi.com\\\/va\\\/que-som\\\/#breadcrumb\",\"itemListElement\":[{\"@type\":\"ListItem\",\"position\":1,\"name\":\"Home\",\"item\":\"https:\\\/\\\/www.conservatoridansaalcoi.com\\\/va\\\/\"},{\"@type\":\"ListItem\",\"position\":2,\"name\":\"Qu\u00e8 Som?\"}]},{\"@type\":\"WebSite\",\"@id\":\"https:\\\/\\\/www.conservatoridansaalcoi.com\\\/va\\\/#website\",\"url\":\"https:\\\/\\\/www.conservatoridansaalcoi.com\\\/va\\\/\",\"name\":\"Conservatorio de Danza\",\"description\":\"La danza es el \u00fanico arte en el que nosotros mismos somos el material del que el arte est\u00e1 hecho.\",\"publisher\":{\"@id\":\"https:\\\/\\\/www.conservatoridansaalcoi.com\\\/va\\\/#organization\"},\"potentialAction\":[{\"@type\":\"SearchAction\",\"target\":{\"@type\":\"EntryPoint\",\"urlTemplate\":\"https:\\\/\\\/www.conservatoridansaalcoi.com\\\/va\\\/?s={search_term_string}\"},\"query-input\":{\"@type\":\"PropertyValueSpecification\",\"valueRequired\":true,\"valueName\":\"search_term_string\"}}],\"inLanguage\":\"es-VA\"},{\"@type\":\"Organization\",\"@id\":\"https:\\\/\\\/www.conservatoridansaalcoi.com\\\/va\\\/#organization\",\"name\":\"Conservatorio de Danza\",\"url\":\"https:\\\/\\\/www.conservatoridansaalcoi.com\\\/va\\\/\",\"logo\":{\"@type\":\"ImageObject\",\"inLanguage\":\"es-VA\",\"@id\":\"https:\\\/\\\/www.conservatoridansaalcoi.com\\\/va\\\/#\\\/schema\\\/logo\\\/image\\\/\",\"url\":\"https:\\\/\\\/www.conservatoridansaalcoi.com\\\/wp-content\\\/uploads\\\/2020\\\/08\\\/logo-conservatorio-danza-h.svg\",\"contentUrl\":\"https:\\\/\\\/www.conservatoridansaalcoi.com\\\/wp-content\\\/uploads\\\/2020\\\/08\\\/logo-conservatorio-danza-h.svg\",\"width\":1,\"height\":1,\"caption\":\"Conservatorio de Danza\"},\"image\":{\"@id\":\"https:\\\/\\\/www.conservatoridansaalcoi.com\\\/va\\\/#\\\/schema\\\/logo\\\/image\\\/\"}}]}<\/script>\n<!-- \/ Yoast SEO plugin. -->","yoast_head_json":{"title":"Qu\u00e8 Som? - Conservatorio de Danza","robots":{"index":"index","follow":"follow","max-snippet":"max-snippet:-1","max-image-preview":"max-image-preview:large","max-video-preview":"max-video-preview:-1"},"canonical":"https:\/\/www.conservatoridansaalcoi.com\/va\/que-som\/","og_locale":"es_ES","og_type":"article","og_title":"Qu\u00e8 Som? - Conservatorio de Danza","og_description":"El Conservatori Elemental de Dansa d&#8217;Alcoi som un Centre Oficial reconegut en l&#8217;ensenyament de la Dansa, que pertany a l\u2019Ajuntament d&#8217;Alcoi, en el qual, a m\u00e9s d\u2019impartir una Formaci\u00f3 Elemental per a l&#8217;obtenci\u00f3 de la Titulaci\u00f3 Oficial del Grau, hem dissenyat dos nous itineraris per a la formaci\u00f3 i l&#8217;aprenentatge de Dansa: En el que [&hellip;]","og_url":"https:\/\/www.conservatoridansaalcoi.com\/va\/que-som\/","og_site_name":"Conservatorio de Danza","article_modified_time":"2021-03-11T12:18:11+00:00","og_image":[{"url":"https:\/\/www.conservatoridansaalcoi.com\/wp-content\/uploads\/2021\/01\/que-somos.jpg","type":"","width":"","height":""}],"twitter_card":"summary_large_image","twitter_misc":{"Est. reading time":"2 minutes"},"schema":{"@context":"https:\/\/schema.org","@graph":[{"@type":"WebPage","@id":"https:\/\/www.conservatoridansaalcoi.com\/va\/que-som\/","url":"https:\/\/www.conservatoridansaalcoi.com\/va\/que-som\/","name":"Qu\u00e8 Som? - Conservatorio de Danza","isPartOf":{"@id":"https:\/\/www.conservatoridansaalcoi.com\/va\/#website"},"primaryImageOfPage":{"@id":"https:\/\/www.conservatoridansaalcoi.com\/va\/que-som\/#primaryimage"},"image":{"@id":"https:\/\/www.conservatoridansaalcoi.com\/va\/que-som\/#primaryimage"},"thumbnailUrl":"https:\/\/www.conservatoridansaalcoi.com\/wp-content\/uploads\/2021\/01\/que-somos.jpg","datePublished":"2021-01-08T07:08:58+00:00","dateModified":"2021-03-11T12:18:11+00:00","breadcrumb":{"@id":"https:\/\/www.conservatoridansaalcoi.com\/va\/que-som\/#breadcrumb"},"inLanguage":"es-VA","potentialAction":[{"@type":"ReadAction","target":["https:\/\/www.conservatoridansaalcoi.com\/va\/que-som\/"]}]},{"@type":"ImageObject","inLanguage":"es-VA","@id":"https:\/\/www.conservatoridansaalcoi.com\/va\/que-som\/#primaryimage","url":"https:\/\/www.conservatoridansaalcoi.com\/wp-content\/uploads\/2021\/01\/que-somos.jpg","contentUrl":"https:\/\/www.conservatoridansaalcoi.com\/wp-content\/uploads\/2021\/01\/que-somos.jpg"},{"@type":"BreadcrumbList","@id":"https:\/\/www.conservatoridansaalcoi.com\/va\/que-som\/#breadcrumb","itemListElement":[{"@type":"ListItem","position":1,"name":"Home","item":"https:\/\/www.conservatoridansaalcoi.com\/va\/"},{"@type":"ListItem","position":2,"name":"Qu\u00e8 Som?"}]},{"@type":"WebSite","@id":"https:\/\/www.conservatoridansaalcoi.com\/va\/#website","url":"https:\/\/www.conservatoridansaalcoi.com\/va\/","name":"Conservatorio de Danza","description":"La danza es el \u00fanico arte en el que nosotros mismos somos el material del que el arte est\u00e1 hecho.","publisher":{"@id":"https:\/\/www.conservatoridansaalcoi.com\/va\/#organization"},"potentialAction":[{"@type":"SearchAction","target":{"@type":"EntryPoint","urlTemplate":"https:\/\/www.conservatoridansaalcoi.com\/va\/?s={search_term_string}"},"query-input":{"@type":"PropertyValueSpecification","valueRequired":true,"valueName":"search_term_string"}}],"inLanguage":"es-VA"},{"@type":"Organization","@id":"https:\/\/www.conservatoridansaalcoi.com\/va\/#organization","name":"Conservatorio de Danza","url":"https:\/\/www.conservatoridansaalcoi.com\/va\/","logo":{"@type":"ImageObject","inLanguage":"es-VA","@id":"https:\/\/www.conservatoridansaalcoi.com\/va\/#\/schema\/logo\/image\/","url":"https:\/\/www.conservatoridansaalcoi.com\/wp-content\/uploads\/2020\/08\/logo-conservatorio-danza-h.svg","contentUrl":"https:\/\/www.conservatoridansaalcoi.com\/wp-content\/uploads\/2020\/08\/logo-conservatorio-danza-h.svg","width":1,"height":1,"caption":"Conservatorio de Danza"},"image":{"@id":"https:\/\/www.conservatoridansaalcoi.com\/va\/#\/schema\/logo\/image\/"}}]}},"_links":{"self":[{"href":"https:\/\/www.conservatoridansaalcoi.com\/va\/wp-json\/wp\/v2\/pages\/1216","targetHints":{"allow":["GET"]}}],"collection":[{"href":"https:\/\/www.conservatoridansaalcoi.com\/va\/wp-json\/wp\/v2\/pages"}],"about":[{"href":"https:\/\/www.conservatoridansaalcoi.com\/va\/wp-json\/wp\/v2\/types\/page"}],"author":[{"embeddable":true,"href":"https:\/\/www.conservatoridansaalcoi.com\/va\/wp-json\/wp\/v2\/users\/1"}],"replies":[{"embeddable":true,"href":"https:\/\/www.conservatoridansaalcoi.com\/va\/wp-json\/wp\/v2\/comments?post=1216"}],"version-history":[{"count":10,"href":"https:\/\/www.conservatoridansaalcoi.com\/va\/wp-json\/wp\/v2\/pages\/1216\/revisions"}],"predecessor-version":[{"id":3249,"href":"https:\/\/www.conservatoridansaalcoi.com\/va\/wp-json\/wp\/v2\/pages\/1216\/revisions\/3249"}],"wp:attachment":[{"href":"https:\/\/www.conservatoridansaalcoi.com\/va\/wp-json\/wp\/v2\/media?parent=1216"}],"curies":[{"name":"wp","href":"https:\/\/api.w.org\/{rel}","templated":true}]}}